{"id":831,"date":"2020-10-17T15:31:50","date_gmt":"2020-10-17T13:31:50","guid":{"rendered":"http:\/\/709bbe2d89.url-de-test.ws\/pontcanal\/?page_id=831"},"modified":"2021-10-13T15:07:53","modified_gmt":"2021-10-13T13:07:53","slug":"produits-du-terroir","status":"publish","type":"page","link":"https:\/\/www.lamaisondupontcanal.com\/boutique\/produits-du-terroir\/","title":{"rendered":"Le coin du terroir en ligne"},"content":{"rendered":"<p>[vc_row][vc_column width=\u00a0\u00bb1\/12&Prime;][\/vc_column][vc_column width=\u00a0\u00bb5\/6&Prime;]<div class=\"text-center\"><div class=\"ui-slogan\"><i class=\"ui-decor\"><\/i>CONTACTEZ DIRECTEMENT LA MAISON DU PONT CANAL AU 06 45 04 62 17<br \/>\nPOUR LA VENTE \u00c0 DISTANCE ET L'EXP\u00c9DITION DE NOS PRODUITS<i class=\"ui-decor\"><\/i><\/div><h2 class=\"ui-title-block ui-title-block_border ui-title-block_border-left\">Nos produits seront bient\u00f4t disponible en ligne<\/h2><\/div>[vc_column_text]<\/p>\n<h3 style=\"text-align: center;\"><em>Vous retrouverez les sp\u00e9cialit\u00e9s gastronomiques de la r\u00e9gion, en allant du biscuit artisanal, aux vins, confitures maisons, terrines, pralines, miel. Un lieu incontournable pour tous les gourmands!<\/em><\/h3>\n<p>[\/vc_column_text][\/vc_column][vc_column width=\u00a0\u00bb1\/12&Prime;][\/vc_column][\/vc_row][vc_row][vc_column width=\u00a0\u00bb1\/2&Prime;][vc_images_carousel images=\u00a0\u00bb892,891,889,921,922&Prime; img_size=\u00a0\u00bblarge\u00a0\u00bb onclick=\u00a0\u00bblink_no\u00a0\u00bb mode=\u00a0\u00bbvertical\u00a0\u00bb speed=\u00a0\u00bb2000&Prime; autoplay=\u00a0\u00bbyes\u00a0\u00bb hide_pagination_control=\u00a0\u00bbyes\u00a0\u00bb wrap=\u00a0\u00bbyes\u00a0\u00bb el_class=\u00a0\u00bbcouleur\u00a0\u00bb][\/vc_column][vc_column width=\u00a0\u00bb1\/2&Prime;][vc_images_carousel images=\u00a0\u00bb923,1019,1014,961&Prime; img_size=\u00a0\u00bblarge\u00a0\u00bb onclick=\u00a0\u00bblink_no\u00a0\u00bb mode=\u00a0\u00bbvertical\u00a0\u00bb speed=\u00a0\u00bb2000&Prime; autoplay=\u00a0\u00bbyes\u00a0\u00bb hide_pagination_control=\u00a0\u00bbyes\u00a0\u00bb wrap=\u00a0\u00bbyes\u00a0\u00bb el_class=\u00a0\u00bbcouleur\u00a0\u00bb][\/vc_column][\/vc_row]<\/p>\n","protected":false},"excerpt":{"rendered":"<p>[vc_row][vc_column width=\u00a0\u00bb1\/12&Prime;][\/vc_column][vc_column width=\u00a0\u00bb5\/6&Prime;][vc_column_text] Vous retrouverez les sp\u00e9cialit\u00e9s gastronomiques de la r\u00e9gion, en allant du biscuit artisanal, aux vins, confitures maisons, terrines, pralines, miel. Un lieu incontournable pour tous les gourmands! [\/vc_column_text][\/vc_column][vc_column width=\u00a0\u00bb1\/12&Prime;][\/vc_column][\/vc_row][vc_row][vc_column width=\u00a0\u00bb1\/2&Prime;][vc_images_carousel images=\u00a0\u00bb892,891,889,921,922&Prime; img_size=\u00a0\u00bblarge\u00a0\u00bb onclick=\u00a0\u00bblink_no\u00a0\u00bb mode=\u00a0\u00bbvertical\u00a0\u00bb speed=\u00a0\u00bb2000&Prime; autoplay=\u00a0\u00bbyes\u00a0\u00bb hide_pagination_control=\u00a0\u00bbyes\u00a0\u00bb wrap=\u00a0\u00bbyes\u00a0\u00bb el_class=\u00a0\u00bbcouleur\u00a0\u00bb][\/vc_column][vc_column width=\u00a0\u00bb1\/2&Prime;][vc_images_carousel images=\u00a0\u00bb923,1019,1014,961&Prime; img_size=\u00a0\u00bblarge\u00a0\u00bb onclick=\u00a0\u00bblink_no\u00a0\u00bb mode=\u00a0\u00bbvertical\u00a0\u00bb speed=\u00a0\u00bb2000&Prime; autoplay=\u00a0\u00bbyes\u00a0\u00bb hide_pagination_control=\u00a0\u00bbyes\u00a0\u00bb wrap=\u00a0\u00bbyes\u00a0\u00bb el_class=\u00a0\u00bbcouleur\u00a0\u00bb][\/vc_column][\/vc_row]<\/p>\n","protected":false},"author":1,"featured_media":0,"parent":0,"menu_order":0,"comment_status":"closed","ping_status":"closed","template":"","meta":{"footnotes":""},"class_list":["post-831","page","type-page","status-publish","hentry"],"yoast_head":"<!-- This site is optimized with the Yoast SEO plugin v27.5 - https:\/\/yoast.com\/product\/yoast-seo-wordpress\/ -->\n<title>Le coin du terroir en ligne - LA MAISON DU PONT CANAL<\/title>\n<meta name=\"description\" content=\"Retrouvez les sp\u00e9cialit\u00e9s gastronomiques de la r\u00e9gion centre : biscuit artisanal, vins, confitures maisons, terrines, pralines, miel...\" \/>\n<meta name=\"robots\" content=\"index, follow, max-snippet:-1, max-image-preview:large, max-video-preview:-1\" \/>\n<link rel=\"canonical\" href=\"https:\/\/www.lamaisondupontcanal.com\/boutique\/produits-du-terroir\/\" \/>\n<meta property=\"og:locale\" content=\"fr_FR\" \/>\n<meta property=\"og:type\" content=\"article\" \/>\n<meta property=\"og:title\" content=\"Le coin du terroir en ligne - LA MAISON DU PONT CANAL\" \/>\n<meta property=\"og:description\" content=\"Retrouvez les sp\u00e9cialit\u00e9s gastronomiques de la r\u00e9gion centre : biscuit artisanal, vins, confitures maisons, terrines, pralines, miel...\" \/>\n<meta property=\"og:url\" content=\"https:\/\/www.lamaisondupontcanal.com\/boutique\/produits-du-terroir\/\" \/>\n<meta property=\"article:publisher\" content=\"https:\/\/m.facebook.com\/groups\/1511920672530806?group_view_referrer=search\" \/>\n<meta property=\"article:modified_time\" content=\"2021-10-13T13:07:53+00:00\" \/>\n<meta name=\"twitter:card\" content=\"summary_large_image\" \/>\n<meta name=\"twitter:label1\" content=\"Dur\u00e9e de lecture estim\u00e9e\" \/>\n\t<meta name=\"twitter:data1\" content=\"1 minute\" \/>\n<script type=\"application\/ld+json\" class=\"yoast-schema-graph\">{\"@context\":\"https:\\\/\\\/schema.org\",\"@graph\":[{\"@type\":\"WebPage\",\"@id\":\"https:\\\/\\\/www.lamaisondupontcanal.com\\\/boutique\\\/produits-du-terroir\\\/\",\"url\":\"https:\\\/\\\/www.lamaisondupontcanal.com\\\/boutique\\\/produits-du-terroir\\\/\",\"name\":\"Le coin du terroir en ligne - LA MAISON DU PONT CANAL\",\"isPartOf\":{\"@id\":\"https:\\\/\\\/www.lamaisondupontcanal.com\\\/boutique\\\/#website\"},\"datePublished\":\"2020-10-17T13:31:50+00:00\",\"dateModified\":\"2021-10-13T13:07:53+00:00\",\"description\":\"Retrouvez les sp\u00e9cialit\u00e9s gastronomiques de la r\u00e9gion centre : biscuit artisanal, vins, confitures maisons, terrines, pralines, miel...\",\"breadcrumb\":{\"@id\":\"https:\\\/\\\/www.lamaisondupontcanal.com\\\/boutique\\\/produits-du-terroir\\\/#breadcrumb\"},\"inLanguage\":\"fr-FR\",\"potentialAction\":[{\"@type\":\"ReadAction\",\"target\":[\"https:\\\/\\\/www.lamaisondupontcanal.com\\\/boutique\\\/produits-du-terroir\\\/\"]}]},{\"@type\":\"BreadcrumbList\",\"@id\":\"https:\\\/\\\/www.lamaisondupontcanal.com\\\/boutique\\\/produits-du-terroir\\\/#breadcrumb\",\"itemListElement\":[{\"@type\":\"ListItem\",\"position\":1,\"name\":\"Accueil\",\"item\":\"https:\\\/\\\/www.lamaisondupontcanal.com\\\/boutique\\\/\"},{\"@type\":\"ListItem\",\"position\":2,\"name\":\"Le coin du terroir en ligne\"}]},{\"@type\":\"WebSite\",\"@id\":\"https:\\\/\\\/www.lamaisondupontcanal.com\\\/boutique\\\/#website\",\"url\":\"https:\\\/\\\/www.lamaisondupontcanal.com\\\/boutique\\\/\",\"name\":\"La maison du pont canal boutique en ligne\",\"description\":\"boutique en ligne d&#039;id\u00e9es cadeaux et des produits locaux\",\"publisher\":{\"@id\":\"https:\\\/\\\/www.lamaisondupontcanal.com\\\/boutique\\\/#organization\"},\"potentialAction\":[{\"@type\":\"SearchAction\",\"target\":{\"@type\":\"EntryPoint\",\"urlTemplate\":\"https:\\\/\\\/www.lamaisondupontcanal.com\\\/boutique\\\/?s={search_term_string}\"},\"query-input\":{\"@type\":\"PropertyValueSpecification\",\"valueRequired\":true,\"valueName\":\"search_term_string\"}}],\"inLanguage\":\"fr-FR\"},{\"@type\":\"Organization\",\"@id\":\"https:\\\/\\\/www.lamaisondupontcanal.com\\\/boutique\\\/#organization\",\"name\":\"La maison du pont canal\",\"url\":\"https:\\\/\\\/www.lamaisondupontcanal.com\\\/boutique\\\/\",\"logo\":{\"@type\":\"ImageObject\",\"inLanguage\":\"fr-FR\",\"@id\":\"https:\\\/\\\/www.lamaisondupontcanal.com\\\/boutique\\\/#\\\/schema\\\/logo\\\/image\\\/\",\"url\":\"https:\\\/\\\/www.lamaisondupontcanal.com\\\/boutique\\\/wp-content\\\/uploads\\\/2020\\\/10\\\/logo.png\",\"contentUrl\":\"https:\\\/\\\/www.lamaisondupontcanal.com\\\/boutique\\\/wp-content\\\/uploads\\\/2020\\\/10\\\/logo.png\",\"width\":431,\"height\":151,\"caption\":\"La maison du pont canal\"},\"image\":{\"@id\":\"https:\\\/\\\/www.lamaisondupontcanal.com\\\/boutique\\\/#\\\/schema\\\/logo\\\/image\\\/\"},\"sameAs\":[\"https:\\\/\\\/m.facebook.com\\\/groups\\\/1511920672530806?group_view_referrer=search\"]}]}<\/script>\n<!-- \/ Yoast SEO plugin. -->","yoast_head_json":{"title":"Le coin du terroir en ligne - LA MAISON DU PONT CANAL","description":"Retrouvez les sp\u00e9cialit\u00e9s gastronomiques de la r\u00e9gion centre : biscuit artisanal, vins, confitures maisons, terrines, pralines, miel...","robots":{"index":"index","follow":"follow","max-snippet":"max-snippet:-1","max-image-preview":"max-image-preview:large","max-video-preview":"max-video-preview:-1"},"canonical":"https:\/\/www.lamaisondupontcanal.com\/boutique\/produits-du-terroir\/","og_locale":"fr_FR","og_type":"article","og_title":"Le coin du terroir en ligne - LA MAISON DU PONT CANAL","og_description":"Retrouvez les sp\u00e9cialit\u00e9s gastronomiques de la r\u00e9gion centre : biscuit artisanal, vins, confitures maisons, terrines, pralines, miel...","og_url":"https:\/\/www.lamaisondupontcanal.com\/boutique\/produits-du-terroir\/","article_publisher":"https:\/\/m.facebook.com\/groups\/1511920672530806?group_view_referrer=search","article_modified_time":"2021-10-13T13:07:53+00:00","twitter_card":"summary_large_image","twitter_misc":{"Dur\u00e9e de lecture estim\u00e9e":"1 minute"},"schema":{"@context":"https:\/\/schema.org","@graph":[{"@type":"WebPage","@id":"https:\/\/www.lamaisondupontcanal.com\/boutique\/produits-du-terroir\/","url":"https:\/\/www.lamaisondupontcanal.com\/boutique\/produits-du-terroir\/","name":"Le coin du terroir en ligne - LA MAISON DU PONT CANAL","isPartOf":{"@id":"https:\/\/www.lamaisondupontcanal.com\/boutique\/#website"},"datePublished":"2020-10-17T13:31:50+00:00","dateModified":"2021-10-13T13:07:53+00:00","description":"Retrouvez les sp\u00e9cialit\u00e9s gastronomiques de la r\u00e9gion centre : biscuit artisanal, vins, confitures maisons, terrines, pralines, miel...","breadcrumb":{"@id":"https:\/\/www.lamaisondupontcanal.com\/boutique\/produits-du-terroir\/#breadcrumb"},"inLanguage":"fr-FR","potentialAction":[{"@type":"ReadAction","target":["https:\/\/www.lamaisondupontcanal.com\/boutique\/produits-du-terroir\/"]}]},{"@type":"BreadcrumbList","@id":"https:\/\/www.lamaisondupontcanal.com\/boutique\/produits-du-terroir\/#breadcrumb","itemListElement":[{"@type":"ListItem","position":1,"name":"Accueil","item":"https:\/\/www.lamaisondupontcanal.com\/boutique\/"},{"@type":"ListItem","position":2,"name":"Le coin du terroir en ligne"}]},{"@type":"WebSite","@id":"https:\/\/www.lamaisondupontcanal.com\/boutique\/#website","url":"https:\/\/www.lamaisondupontcanal.com\/boutique\/","name":"La maison du pont canal boutique en ligne","description":"boutique en ligne d&#039;id\u00e9es cadeaux et des produits locaux","publisher":{"@id":"https:\/\/www.lamaisondupontcanal.com\/boutique\/#organization"},"potentialAction":[{"@type":"SearchAction","target":{"@type":"EntryPoint","urlTemplate":"https:\/\/www.lamaisondupontcanal.com\/boutique\/?s={search_term_string}"},"query-input":{"@type":"PropertyValueSpecification","valueRequired":true,"valueName":"search_term_string"}}],"inLanguage":"fr-FR"},{"@type":"Organization","@id":"https:\/\/www.lamaisondupontcanal.com\/boutique\/#organization","name":"La maison du pont canal","url":"https:\/\/www.lamaisondupontcanal.com\/boutique\/","logo":{"@type":"ImageObject","inLanguage":"fr-FR","@id":"https:\/\/www.lamaisondupontcanal.com\/boutique\/#\/schema\/logo\/image\/","url":"https:\/\/www.lamaisondupontcanal.com\/boutique\/wp-content\/uploads\/2020\/10\/logo.png","contentUrl":"https:\/\/www.lamaisondupontcanal.com\/boutique\/wp-content\/uploads\/2020\/10\/logo.png","width":431,"height":151,"caption":"La maison du pont canal"},"image":{"@id":"https:\/\/www.lamaisondupontcanal.com\/boutique\/#\/schema\/logo\/image\/"},"sameAs":["https:\/\/m.facebook.com\/groups\/1511920672530806?group_view_referrer=search"]}]}},"_links":{"self":[{"href":"https:\/\/www.lamaisondupontcanal.com\/boutique\/wp-json\/wp\/v2\/pages\/831","targetHints":{"allow":["GET"]}}],"collection":[{"href":"https:\/\/www.lamaisondupontcanal.com\/boutique\/wp-json\/wp\/v2\/pages"}],"about":[{"href":"https:\/\/www.lamaisondupontcanal.com\/boutique\/wp-json\/wp\/v2\/types\/page"}],"author":[{"embeddable":true,"href":"https:\/\/www.lamaisondupontcanal.com\/boutique\/wp-json\/wp\/v2\/users\/1"}],"replies":[{"embeddable":true,"href":"https:\/\/www.lamaisondupontcanal.com\/boutique\/wp-json\/wp\/v2\/comments?post=831"}],"version-history":[{"count":15,"href":"https:\/\/www.lamaisondupontcanal.com\/boutique\/wp-json\/wp\/v2\/pages\/831\/revisions"}],"predecessor-version":[{"id":1256,"href":"https:\/\/www.lamaisondupontcanal.com\/boutique\/wp-json\/wp\/v2\/pages\/831\/revisions\/1256"}],"wp:attachment":[{"href":"https:\/\/www.lamaisondupontcanal.com\/boutique\/wp-json\/wp\/v2\/media?parent=831"}],"curies":[{"name":"wp","href":"https:\/\/api.w.org\/{rel}","templated":true}]}}