{"id":1269,"date":"2021-10-21T17:08:13","date_gmt":"2021-10-21T15:08:13","guid":{"rendered":"https:\/\/www.lamaisondupontcanal.com\/boutique\/?post_type=product&#038;p=1269"},"modified":"2025-03-21T16:32:41","modified_gmt":"2025-03-21T15:32:41","slug":"panier-pique-nique-marine-2-personnes","status":"publish","type":"product","link":"https:\/\/www.lamaisondupontcanal.com\/boutique\/produit\/panier-pique-nique-marine-2-personnes\/","title":{"rendered":"Panier pique-nique Marine 2 personnes"},"content":{"rendered":"<p>Que contient le panier pique-nique Marine 2 personnes ?<\/p>\n<p>&#8211; Un compartiment isotherme<br \/>\n&#8211; 1 couverture \u00e0 revers imperm\u00e9able bleu \u00e0 rayures blanches 140 x 140 cm<br \/>\n&#8211; 2 assiettes en c\u00e9ramique monogramm\u00e9es (diam\u00e8tre 20 cm)<br \/>\n&#8211; 2 sets complets de couverts en m\u00e9tal<br \/>\n&#8211; 2 verres \u00e0 pied en verre (12 cl)<br \/>\n&#8211; 1 tire-bouchon en acier galvanis\u00e9<br \/>\n&#8211; 1 set sali\u00e8re-poivri\u00e8re en m\u00e9tal<br \/>\n&#8211; 2 serviettes couleur bleue \u00e0 rayures blanches (35 x 35 cm)<br \/>\n&#8211; 2 attaches bouteille<br \/>\n&#8211; 2 sangles pour maintenir la bouteille<br \/>\n&#8211; 1 petit sac pour ranger la vaisselle sale apr\u00e8s votre pique-nique<\/p>\n<p>Dimension: 43 x 30 x 23 cm<br \/>\nPoids : 3 600 g<br \/>\nSes assiettes, verres, couverts, accessoires passent au lave-vaisselle.<\/p>\n","protected":false},"excerpt":{"rendered":"<p>Un panier complet et \u00e9l\u00e9gant en osier naturel patin\u00e9 de blanc cass\u00e9 avec son int\u00e9rieur en tissu bleu \u00e0 rayures blanches pour un pique- nique chic et raffin\u00e9.<br \/>\nCe panier a \u00e9t\u00e9 cr\u00e9\u00e9 pour un pique-nique en t\u00eate \u00e0 t\u00eate, pour les amoureux.<br \/>\nToute la base forme un compartiment isotherme pour y garder les produits et les boissons au frais. Il est livr\u00e9 avec une magnifique couverture de pique-nique de m\u00eame tissu au revers imperm\u00e9able.<\/p>\n<p>Pour vous faciliter la vie, Les Jardins de la Comtesse ont gliss\u00e9 un petit sac qui vous permettra de ranger la vaisselle sale apr\u00e8s votre pique-nique.<\/p>\n<p>Vous pouvez le transporter facilement gr\u00e2ce \u00e0 sa poign\u00e9e centrale ou sa sangle r\u00e9glable en tissu bleu marine.<\/p>\n","protected":false},"featured_media":1272,"template":"","meta":[],"product_brand":[],"product_cat":[39,74,67],"product_tag":[76],"class_list":{"0":"post-1269","1":"product","2":"type-product","3":"status-publish","4":"has-post-thumbnail","6":"product_cat-cadeau","7":"product_cat-panier","8":"product_cat-pique-nique","9":"product_tag-les-jardin-de-la-comtesse","11":"first","12":"instock","13":"taxable","14":"shipping-taxable","15":"purchasable","16":"product-type-simple"},"yoast_head":"<!-- This site is optimized with the Yoast SEO plugin v27.4 - https:\/\/yoast.com\/product\/yoast-seo-wordpress\/ -->\n<title>Panier pique-nique Marine 2 personnes - LA MAISON DU PONT CANAL<\/title>\n<meta name=\"description\" content=\"Ce panier a \u00e9t\u00e9 cr\u00e9\u00e9 pour un pique-nique en t\u00eate \u00e0 t\u00eate, pour les amoureux. Toute la base forme un compartiment isotherme.\" \/>\n<meta name=\"robots\" content=\"index, follow, max-snippet:-1, max-image-preview:large, max-video-preview:-1\" \/>\n<link rel=\"canonical\" href=\"https:\/\/www.lamaisondupontcanal.com\/boutique\/produit\/panier-pique-nique-marine-2-personnes\/\" \/>\n<meta property=\"og:locale\" content=\"fr_FR\" \/>\n<meta property=\"og:type\" content=\"article\" \/>\n<meta property=\"og:title\" content=\"Panier pique-nique Marine 2 personnes - LA MAISON DU PONT CANAL\" \/>\n<meta property=\"og:description\" content=\"Ce panier a \u00e9t\u00e9 cr\u00e9\u00e9 pour un pique-nique en t\u00eate \u00e0 t\u00eate, pour les amoureux. Toute la base forme un compartiment isotherme.\" \/>\n<meta property=\"og:url\" content=\"https:\/\/www.lamaisondupontcanal.com\/boutique\/produit\/panier-pique-nique-marine-2-personnes\/\" \/>\n<meta property=\"article:publisher\" content=\"https:\/\/m.facebook.com\/groups\/1511920672530806?group_view_referrer=search\" \/>\n<meta property=\"article:modified_time\" content=\"2025-03-21T15:32:41+00:00\" \/>\n<meta property=\"og:image\" content=\"https:\/\/www.lamaisondupontcanal.com\/boutique\/wp-content\/uploads\/2021\/10\/p-1929B-Marine-Ambiance.jpg\" \/>\n\t<meta property=\"og:image:width\" content=\"450\" \/>\n\t<meta property=\"og:image:height\" content=\"450\" \/>\n\t<meta property=\"og:image:type\" content=\"image\/jpeg\" \/>\n<meta name=\"twitter:card\" content=\"summary_large_image\" \/>\n<meta name=\"twitter:label1\" content=\"Dur\u00e9e de lecture estim\u00e9e\" \/>\n\t<meta name=\"twitter:data1\" content=\"1 minute\" \/>\n<script type=\"application\/ld+json\" class=\"yoast-schema-graph\">{\"@context\":\"https:\\\/\\\/schema.org\",\"@graph\":[{\"@type\":\"WebPage\",\"@id\":\"https:\\\/\\\/www.lamaisondupontcanal.com\\\/boutique\\\/produit\\\/panier-pique-nique-marine-2-personnes\\\/\",\"url\":\"https:\\\/\\\/www.lamaisondupontcanal.com\\\/boutique\\\/produit\\\/panier-pique-nique-marine-2-personnes\\\/\",\"name\":\"Panier pique-nique Marine 2 personnes - LA MAISON DU PONT CANAL\",\"isPartOf\":{\"@id\":\"https:\\\/\\\/www.lamaisondupontcanal.com\\\/boutique\\\/#website\"},\"primaryImageOfPage\":{\"@id\":\"https:\\\/\\\/www.lamaisondupontcanal.com\\\/boutique\\\/produit\\\/panier-pique-nique-marine-2-personnes\\\/#primaryimage\"},\"image\":{\"@id\":\"https:\\\/\\\/www.lamaisondupontcanal.com\\\/boutique\\\/produit\\\/panier-pique-nique-marine-2-personnes\\\/#primaryimage\"},\"thumbnailUrl\":\"https:\\\/\\\/www.lamaisondupontcanal.com\\\/boutique\\\/wp-content\\\/uploads\\\/2021\\\/10\\\/p-1929B-Marine-Ambiance.jpg\",\"datePublished\":\"2021-10-21T15:08:13+00:00\",\"dateModified\":\"2025-03-21T15:32:41+00:00\",\"description\":\"Ce panier a \u00e9t\u00e9 cr\u00e9\u00e9 pour un pique-nique en t\u00eate \u00e0 t\u00eate, pour les amoureux. Toute la base forme un compartiment isotherme.\",\"breadcrumb\":{\"@id\":\"https:\\\/\\\/www.lamaisondupontcanal.com\\\/boutique\\\/produit\\\/panier-pique-nique-marine-2-personnes\\\/#breadcrumb\"},\"inLanguage\":\"fr-FR\",\"potentialAction\":[{\"@type\":\"ReadAction\",\"target\":[\"https:\\\/\\\/www.lamaisondupontcanal.com\\\/boutique\\\/produit\\\/panier-pique-nique-marine-2-personnes\\\/\"]}]},{\"@type\":\"ImageObject\",\"inLanguage\":\"fr-FR\",\"@id\":\"https:\\\/\\\/www.lamaisondupontcanal.com\\\/boutique\\\/produit\\\/panier-pique-nique-marine-2-personnes\\\/#primaryimage\",\"url\":\"https:\\\/\\\/www.lamaisondupontcanal.com\\\/boutique\\\/wp-content\\\/uploads\\\/2021\\\/10\\\/p-1929B-Marine-Ambiance.jpg\",\"contentUrl\":\"https:\\\/\\\/www.lamaisondupontcanal.com\\\/boutique\\\/wp-content\\\/uploads\\\/2021\\\/10\\\/p-1929B-Marine-Ambiance.jpg\",\"width\":450,\"height\":450,\"caption\":\"panier pique-nique rond Marine 2 personnes Les Jardins de la Comtesse\"},{\"@type\":\"BreadcrumbList\",\"@id\":\"https:\\\/\\\/www.lamaisondupontcanal.com\\\/boutique\\\/produit\\\/panier-pique-nique-marine-2-personnes\\\/#breadcrumb\",\"itemListElement\":[{\"@type\":\"ListItem\",\"position\":1,\"name\":\"Accueil\",\"item\":\"https:\\\/\\\/www.lamaisondupontcanal.com\\\/boutique\\\/\"},{\"@type\":\"ListItem\",\"position\":2,\"name\":\"Panier pique-nique Marine 2 personnes\"}]},{\"@type\":\"WebSite\",\"@id\":\"https:\\\/\\\/www.lamaisondupontcanal.com\\\/boutique\\\/#website\",\"url\":\"https:\\\/\\\/www.lamaisondupontcanal.com\\\/boutique\\\/\",\"name\":\"La maison du pont canal boutique en ligne\",\"description\":\"boutique en ligne d&#039;id\u00e9es cadeaux et des produits locaux\",\"publisher\":{\"@id\":\"https:\\\/\\\/www.lamaisondupontcanal.com\\\/boutique\\\/#organization\"},\"potentialAction\":[{\"@type\":\"SearchAction\",\"target\":{\"@type\":\"EntryPoint\",\"urlTemplate\":\"https:\\\/\\\/www.lamaisondupontcanal.com\\\/boutique\\\/?s={search_term_string}\"},\"query-input\":{\"@type\":\"PropertyValueSpecification\",\"valueRequired\":true,\"valueName\":\"search_term_string\"}}],\"inLanguage\":\"fr-FR\"},{\"@type\":\"Organization\",\"@id\":\"https:\\\/\\\/www.lamaisondupontcanal.com\\\/boutique\\\/#organization\",\"name\":\"La maison du pont canal\",\"url\":\"https:\\\/\\\/www.lamaisondupontcanal.com\\\/boutique\\\/\",\"logo\":{\"@type\":\"ImageObject\",\"inLanguage\":\"fr-FR\",\"@id\":\"https:\\\/\\\/www.lamaisondupontcanal.com\\\/boutique\\\/#\\\/schema\\\/logo\\\/image\\\/\",\"url\":\"https:\\\/\\\/www.lamaisondupontcanal.com\\\/boutique\\\/wp-content\\\/uploads\\\/2020\\\/10\\\/logo.png\",\"contentUrl\":\"https:\\\/\\\/www.lamaisondupontcanal.com\\\/boutique\\\/wp-content\\\/uploads\\\/2020\\\/10\\\/logo.png\",\"width\":431,\"height\":151,\"caption\":\"La maison du pont canal\"},\"image\":{\"@id\":\"https:\\\/\\\/www.lamaisondupontcanal.com\\\/boutique\\\/#\\\/schema\\\/logo\\\/image\\\/\"},\"sameAs\":[\"https:\\\/\\\/m.facebook.com\\\/groups\\\/1511920672530806?group_view_referrer=search\"]}]}<\/script>\n<!-- \/ Yoast SEO plugin. -->","yoast_head_json":{"title":"Panier pique-nique Marine 2 personnes - LA MAISON DU PONT CANAL","description":"Ce panier a \u00e9t\u00e9 cr\u00e9\u00e9 pour un pique-nique en t\u00eate \u00e0 t\u00eate, pour les amoureux. Toute la base forme un compartiment isotherme.","robots":{"index":"index","follow":"follow","max-snippet":"max-snippet:-1","max-image-preview":"max-image-preview:large","max-video-preview":"max-video-preview:-1"},"canonical":"https:\/\/www.lamaisondupontcanal.com\/boutique\/produit\/panier-pique-nique-marine-2-personnes\/","og_locale":"fr_FR","og_type":"article","og_title":"Panier pique-nique Marine 2 personnes - LA MAISON DU PONT CANAL","og_description":"Ce panier a \u00e9t\u00e9 cr\u00e9\u00e9 pour un pique-nique en t\u00eate \u00e0 t\u00eate, pour les amoureux. Toute la base forme un compartiment isotherme.","og_url":"https:\/\/www.lamaisondupontcanal.com\/boutique\/produit\/panier-pique-nique-marine-2-personnes\/","article_publisher":"https:\/\/m.facebook.com\/groups\/1511920672530806?group_view_referrer=search","article_modified_time":"2025-03-21T15:32:41+00:00","og_image":[{"width":450,"height":450,"url":"https:\/\/www.lamaisondupontcanal.com\/boutique\/wp-content\/uploads\/2021\/10\/p-1929B-Marine-Ambiance.jpg","type":"image\/jpeg"}],"twitter_card":"summary_large_image","twitter_misc":{"Dur\u00e9e de lecture estim\u00e9e":"1 minute"},"schema":{"@context":"https:\/\/schema.org","@graph":[{"@type":"WebPage","@id":"https:\/\/www.lamaisondupontcanal.com\/boutique\/produit\/panier-pique-nique-marine-2-personnes\/","url":"https:\/\/www.lamaisondupontcanal.com\/boutique\/produit\/panier-pique-nique-marine-2-personnes\/","name":"Panier pique-nique Marine 2 personnes - LA MAISON DU PONT CANAL","isPartOf":{"@id":"https:\/\/www.lamaisondupontcanal.com\/boutique\/#website"},"primaryImageOfPage":{"@id":"https:\/\/www.lamaisondupontcanal.com\/boutique\/produit\/panier-pique-nique-marine-2-personnes\/#primaryimage"},"image":{"@id":"https:\/\/www.lamaisondupontcanal.com\/boutique\/produit\/panier-pique-nique-marine-2-personnes\/#primaryimage"},"thumbnailUrl":"https:\/\/www.lamaisondupontcanal.com\/boutique\/wp-content\/uploads\/2021\/10\/p-1929B-Marine-Ambiance.jpg","datePublished":"2021-10-21T15:08:13+00:00","dateModified":"2025-03-21T15:32:41+00:00","description":"Ce panier a \u00e9t\u00e9 cr\u00e9\u00e9 pour un pique-nique en t\u00eate \u00e0 t\u00eate, pour les amoureux. Toute la base forme un compartiment isotherme.","breadcrumb":{"@id":"https:\/\/www.lamaisondupontcanal.com\/boutique\/produit\/panier-pique-nique-marine-2-personnes\/#breadcrumb"},"inLanguage":"fr-FR","potentialAction":[{"@type":"ReadAction","target":["https:\/\/www.lamaisondupontcanal.com\/boutique\/produit\/panier-pique-nique-marine-2-personnes\/"]}]},{"@type":"ImageObject","inLanguage":"fr-FR","@id":"https:\/\/www.lamaisondupontcanal.com\/boutique\/produit\/panier-pique-nique-marine-2-personnes\/#primaryimage","url":"https:\/\/www.lamaisondupontcanal.com\/boutique\/wp-content\/uploads\/2021\/10\/p-1929B-Marine-Ambiance.jpg","contentUrl":"https:\/\/www.lamaisondupontcanal.com\/boutique\/wp-content\/uploads\/2021\/10\/p-1929B-Marine-Ambiance.jpg","width":450,"height":450,"caption":"panier pique-nique rond Marine 2 personnes Les Jardins de la Comtesse"},{"@type":"BreadcrumbList","@id":"https:\/\/www.lamaisondupontcanal.com\/boutique\/produit\/panier-pique-nique-marine-2-personnes\/#breadcrumb","itemListElement":[{"@type":"ListItem","position":1,"name":"Accueil","item":"https:\/\/www.lamaisondupontcanal.com\/boutique\/"},{"@type":"ListItem","position":2,"name":"Panier pique-nique Marine 2 personnes"}]},{"@type":"WebSite","@id":"https:\/\/www.lamaisondupontcanal.com\/boutique\/#website","url":"https:\/\/www.lamaisondupontcanal.com\/boutique\/","name":"La maison du pont canal boutique en ligne","description":"boutique en ligne d&#039;id\u00e9es cadeaux et des produits locaux","publisher":{"@id":"https:\/\/www.lamaisondupontcanal.com\/boutique\/#organization"},"potentialAction":[{"@type":"SearchAction","target":{"@type":"EntryPoint","urlTemplate":"https:\/\/www.lamaisondupontcanal.com\/boutique\/?s={search_term_string}"},"query-input":{"@type":"PropertyValueSpecification","valueRequired":true,"valueName":"search_term_string"}}],"inLanguage":"fr-FR"},{"@type":"Organization","@id":"https:\/\/www.lamaisondupontcanal.com\/boutique\/#organization","name":"La maison du pont canal","url":"https:\/\/www.lamaisondupontcanal.com\/boutique\/","logo":{"@type":"ImageObject","inLanguage":"fr-FR","@id":"https:\/\/www.lamaisondupontcanal.com\/boutique\/#\/schema\/logo\/image\/","url":"https:\/\/www.lamaisondupontcanal.com\/boutique\/wp-content\/uploads\/2020\/10\/logo.png","contentUrl":"https:\/\/www.lamaisondupontcanal.com\/boutique\/wp-content\/uploads\/2020\/10\/logo.png","width":431,"height":151,"caption":"La maison du pont canal"},"image":{"@id":"https:\/\/www.lamaisondupontcanal.com\/boutique\/#\/schema\/logo\/image\/"},"sameAs":["https:\/\/m.facebook.com\/groups\/1511920672530806?group_view_referrer=search"]}]}},"_links":{"self":[{"href":"https:\/\/www.lamaisondupontcanal.com\/boutique\/wp-json\/wp\/v2\/product\/1269","targetHints":{"allow":["GET"]}}],"collection":[{"href":"https:\/\/www.lamaisondupontcanal.com\/boutique\/wp-json\/wp\/v2\/product"}],"about":[{"href":"https:\/\/www.lamaisondupontcanal.com\/boutique\/wp-json\/wp\/v2\/types\/product"}],"wp:featuredmedia":[{"embeddable":true,"href":"https:\/\/www.lamaisondupontcanal.com\/boutique\/wp-json\/wp\/v2\/media\/1272"}],"wp:attachment":[{"href":"https:\/\/www.lamaisondupontcanal.com\/boutique\/wp-json\/wp\/v2\/media?parent=1269"}],"wp:term":[{"taxonomy":"product_brand","embeddable":true,"href":"https:\/\/www.lamaisondupontcanal.com\/boutique\/wp-json\/wp\/v2\/product_brand?post=1269"},{"taxonomy":"product_cat","embeddable":true,"href":"https:\/\/www.lamaisondupontcanal.com\/boutique\/wp-json\/wp\/v2\/product_cat?post=1269"},{"taxonomy":"product_tag","embeddable":true,"href":"https:\/\/www.lamaisondupontcanal.com\/boutique\/wp-json\/wp\/v2\/product_tag?post=1269"}],"curies":[{"name":"wp","href":"https:\/\/api.w.org\/{rel}","templated":true}]}}