{"id":1275,"date":"2021-10-21T17:11:55","date_gmt":"2021-10-21T15:11:55","guid":{"rendered":"https:\/\/www.lamaisondupontcanal.com\/boutique\/?post_type=product&#038;p=1275"},"modified":"2025-03-21T16:32:17","modified_gmt":"2025-03-21T15:32:17","slug":"panier-pique-nique-marine-4-personnes","status":"publish","type":"product","link":"https:\/\/www.lamaisondupontcanal.com\/boutique\/produit\/panier-pique-nique-marine-4-personnes\/","title":{"rendered":"Panier pique-nique Marine 4 personnes"},"content":{"rendered":"<p>Toute la base forme un compartiment isotherme pour y garder les produits et les boissons au frais. Il est livr\u00e9 avec une magnifique couverture de pique-nique de m\u00eame tissu au revers imperm\u00e9able.<br \/>\nVous pouvez le transporter facilement gr\u00e2ce \u00e0 sa poign\u00e9e centrale ou \u00e0 sa sangle r\u00e9glable en tissu bleu marine pour le porter facilement en bandouli\u00e8re.<\/p>\n<p>Pour vous faciliter la vie, Les Jardins de la Comtesse ont gliss\u00e9 un petit sac imperm\u00e9able qui vous permettra de ranger la vaisselle sale apr\u00e8s votre pique-nique.<\/p>\n<p>Qu&rsquo;allez-vous pouvoir trouver dans ce panier 4 personnes ?<\/p>\n<p>Dans ce panier vous trouverez :<br \/>\n&#8211; Un compartiment isotherme<br \/>\n&#8211; 1 nappe \u00e0 revers imperm\u00e9able bleue \u00e0 rayures blanches (140 x 140 cm)<br \/>\n&#8211; 4 assiettes en c\u00e9ramique monogramm\u00e9es (diam\u00e8tre 20cm)<br \/>\n&#8211; 4 sets complets de couverts en m\u00e9tal<br \/>\n&#8211; 4 verres \u00e0 pied en verre (12 cl)<br \/>\n&#8211; 1 tire-bouchon en acier galvanis\u00e9<br \/>\n&#8211; 1 set sali\u00e8re en m\u00e9tal<br \/>\n&#8211; 1 poivri\u00e8re en m\u00e9tal<br \/>\n&#8211; 4 serviettes couleur bleue \u00e0 rayures blanches (35 x 35 cm)<br \/>\n&#8211; 2 attaches bouteille<br \/>\n&#8211; 2 attaches sur le c\u00f4t\u00e9 en tissu avec fermeture en velcro pour ranger la nappe<br \/>\n&#8211; 1 petit sac imperm\u00e9able pour ranger la vaisselle sale apr\u00e8s votre pique-nique<\/p>\n<p>Dimension : 45 x 31 x 24 cm<br \/>\nPoids : 4 960 g<br \/>\nSes assiettes, verres, couverts, accessoires passent au lave-vaisselle.<\/p>\n","protected":false},"excerpt":{"rendered":"<p>Un panier pique-nique 4 personnes unique et original avec ses sangles bleues.<br \/>\nOriginal \u00e0 l\u2019ext\u00e9rieur avec des rangs de cordages se m\u00ealant \u00e0 l\u2019osier naturel patin\u00e9 de blanc. Les sangles bleues et la nappe bleue et blanche lui donnent une touche exotique qui appelle le grand large.<br \/>\nIl est \u00e9galement \u00e9l\u00e9gant \u00e0 l\u2019int\u00e9rieur avec son tissu bleu \u00e0 rayures blanches et ses sangles de couleur blanche. Gr\u00e2ce \u00e0 ces diff\u00e9rentes touches et son m\u00e9lange de couverts en acier inoxydable et assiettes en c\u00e9ramique monogramm\u00e9es, cet ensemble en fait un panier tendance, chic et raffin\u00e9.<\/p>\n<p>Ce panier pique-nique 4 personnes a \u00e9t\u00e9 con\u00e7u pour les familles et les amis qui aiment se retrouver pour partager un moment festif \u00e0 la campagne, dans les dunes ou au bord de l\u2019eau. Un superbe cadeau qui ne manque pas d&rsquo;originalit\u00e9.<br \/>\nComme nos autres paniers, ce panier pique-nique 4 personnes est tress\u00e9 \u00e0 la main en brin de saule et cordage.<\/p>\n","protected":false},"featured_media":1276,"template":"","meta":[],"product_brand":[],"product_cat":[39,74,67],"product_tag":[76],"class_list":{"0":"post-1275","1":"product","2":"type-product","3":"status-publish","4":"has-post-thumbnail","6":"product_cat-cadeau","7":"product_cat-panier","8":"product_cat-pique-nique","9":"product_tag-les-jardin-de-la-comtesse","11":"first","12":"instock","13":"taxable","14":"shipping-taxable","15":"purchasable","16":"product-type-simple"},"yoast_head":"<!-- This site is optimized with the Yoast SEO plugin v27.4 - https:\/\/yoast.com\/product\/yoast-seo-wordpress\/ -->\n<title>Panier pique-nique Marine 4 personnes - LA MAISON DU PONT CANAL<\/title>\n<meta name=\"description\" content=\"Ce panier pique-nique 4 personnes a \u00e9t\u00e9 con\u00e7u pour les familles et les amis qui aiment se retrouver pour partager un moment festif.\" \/>\n<meta name=\"robots\" content=\"index, follow, max-snippet:-1, max-image-preview:large, max-video-preview:-1\" \/>\n<link rel=\"canonical\" href=\"https:\/\/www.lamaisondupontcanal.com\/boutique\/produit\/panier-pique-nique-marine-4-personnes\/\" \/>\n<meta property=\"og:locale\" content=\"fr_FR\" \/>\n<meta property=\"og:type\" content=\"article\" \/>\n<meta property=\"og:title\" content=\"Panier pique-nique Marine 4 personnes - LA MAISON DU PONT CANAL\" \/>\n<meta property=\"og:description\" content=\"Ce panier pique-nique 4 personnes a \u00e9t\u00e9 con\u00e7u pour les familles et les amis qui aiment se retrouver pour partager un moment festif.\" \/>\n<meta property=\"og:url\" content=\"https:\/\/www.lamaisondupontcanal.com\/boutique\/produit\/panier-pique-nique-marine-4-personnes\/\" \/>\n<meta property=\"article:publisher\" content=\"https:\/\/m.facebook.com\/groups\/1511920672530806?group_view_referrer=search\" \/>\n<meta property=\"article:modified_time\" content=\"2025-03-21T15:32:17+00:00\" \/>\n<meta property=\"og:image\" content=\"https:\/\/www.lamaisondupontcanal.com\/boutique\/wp-content\/uploads\/2021\/10\/P-1934B-Marine-Ambiance.jpg\" \/>\n\t<meta property=\"og:image:width\" content=\"1400\" \/>\n\t<meta property=\"og:image:height\" content=\"1400\" \/>\n\t<meta property=\"og:image:type\" content=\"image\/jpeg\" \/>\n<meta name=\"twitter:card\" content=\"summary_large_image\" \/>\n<meta name=\"twitter:label1\" content=\"Dur\u00e9e de lecture estim\u00e9e\" \/>\n\t<meta name=\"twitter:data1\" content=\"1 minute\" \/>\n<script type=\"application\/ld+json\" class=\"yoast-schema-graph\">{\"@context\":\"https:\\\/\\\/schema.org\",\"@graph\":[{\"@type\":\"WebPage\",\"@id\":\"https:\\\/\\\/www.lamaisondupontcanal.com\\\/boutique\\\/produit\\\/panier-pique-nique-marine-4-personnes\\\/\",\"url\":\"https:\\\/\\\/www.lamaisondupontcanal.com\\\/boutique\\\/produit\\\/panier-pique-nique-marine-4-personnes\\\/\",\"name\":\"Panier pique-nique Marine 4 personnes - LA MAISON DU PONT CANAL\",\"isPartOf\":{\"@id\":\"https:\\\/\\\/www.lamaisondupontcanal.com\\\/boutique\\\/#website\"},\"primaryImageOfPage\":{\"@id\":\"https:\\\/\\\/www.lamaisondupontcanal.com\\\/boutique\\\/produit\\\/panier-pique-nique-marine-4-personnes\\\/#primaryimage\"},\"image\":{\"@id\":\"https:\\\/\\\/www.lamaisondupontcanal.com\\\/boutique\\\/produit\\\/panier-pique-nique-marine-4-personnes\\\/#primaryimage\"},\"thumbnailUrl\":\"https:\\\/\\\/www.lamaisondupontcanal.com\\\/boutique\\\/wp-content\\\/uploads\\\/2021\\\/10\\\/P-1934B-Marine-Ambiance.jpg\",\"datePublished\":\"2021-10-21T15:11:55+00:00\",\"dateModified\":\"2025-03-21T15:32:17+00:00\",\"description\":\"Ce panier pique-nique 4 personnes a \u00e9t\u00e9 con\u00e7u pour les familles et les amis qui aiment se retrouver pour partager un moment festif.\",\"breadcrumb\":{\"@id\":\"https:\\\/\\\/www.lamaisondupontcanal.com\\\/boutique\\\/produit\\\/panier-pique-nique-marine-4-personnes\\\/#breadcrumb\"},\"inLanguage\":\"fr-FR\",\"potentialAction\":[{\"@type\":\"ReadAction\",\"target\":[\"https:\\\/\\\/www.lamaisondupontcanal.com\\\/boutique\\\/produit\\\/panier-pique-nique-marine-4-personnes\\\/\"]}]},{\"@type\":\"ImageObject\",\"inLanguage\":\"fr-FR\",\"@id\":\"https:\\\/\\\/www.lamaisondupontcanal.com\\\/boutique\\\/produit\\\/panier-pique-nique-marine-4-personnes\\\/#primaryimage\",\"url\":\"https:\\\/\\\/www.lamaisondupontcanal.com\\\/boutique\\\/wp-content\\\/uploads\\\/2021\\\/10\\\/P-1934B-Marine-Ambiance.jpg\",\"contentUrl\":\"https:\\\/\\\/www.lamaisondupontcanal.com\\\/boutique\\\/wp-content\\\/uploads\\\/2021\\\/10\\\/P-1934B-Marine-Ambiance.jpg\",\"width\":1400,\"height\":1400,\"caption\":\"panier pique-nique rond Marine 4 personnes Les Jardins de la Comtesse\"},{\"@type\":\"BreadcrumbList\",\"@id\":\"https:\\\/\\\/www.lamaisondupontcanal.com\\\/boutique\\\/produit\\\/panier-pique-nique-marine-4-personnes\\\/#breadcrumb\",\"itemListElement\":[{\"@type\":\"ListItem\",\"position\":1,\"name\":\"Accueil\",\"item\":\"https:\\\/\\\/www.lamaisondupontcanal.com\\\/boutique\\\/\"},{\"@type\":\"ListItem\",\"position\":2,\"name\":\"Panier pique-nique Marine 4 personnes\"}]},{\"@type\":\"WebSite\",\"@id\":\"https:\\\/\\\/www.lamaisondupontcanal.com\\\/boutique\\\/#website\",\"url\":\"https:\\\/\\\/www.lamaisondupontcanal.com\\\/boutique\\\/\",\"name\":\"La maison du pont canal boutique en ligne\",\"description\":\"boutique en ligne d&#039;id\u00e9es cadeaux et des produits locaux\",\"publisher\":{\"@id\":\"https:\\\/\\\/www.lamaisondupontcanal.com\\\/boutique\\\/#organization\"},\"potentialAction\":[{\"@type\":\"SearchAction\",\"target\":{\"@type\":\"EntryPoint\",\"urlTemplate\":\"https:\\\/\\\/www.lamaisondupontcanal.com\\\/boutique\\\/?s={search_term_string}\"},\"query-input\":{\"@type\":\"PropertyValueSpecification\",\"valueRequired\":true,\"valueName\":\"search_term_string\"}}],\"inLanguage\":\"fr-FR\"},{\"@type\":\"Organization\",\"@id\":\"https:\\\/\\\/www.lamaisondupontcanal.com\\\/boutique\\\/#organization\",\"name\":\"La maison du pont canal\",\"url\":\"https:\\\/\\\/www.lamaisondupontcanal.com\\\/boutique\\\/\",\"logo\":{\"@type\":\"ImageObject\",\"inLanguage\":\"fr-FR\",\"@id\":\"https:\\\/\\\/www.lamaisondupontcanal.com\\\/boutique\\\/#\\\/schema\\\/logo\\\/image\\\/\",\"url\":\"https:\\\/\\\/www.lamaisondupontcanal.com\\\/boutique\\\/wp-content\\\/uploads\\\/2020\\\/10\\\/logo.png\",\"contentUrl\":\"https:\\\/\\\/www.lamaisondupontcanal.com\\\/boutique\\\/wp-content\\\/uploads\\\/2020\\\/10\\\/logo.png\",\"width\":431,\"height\":151,\"caption\":\"La maison du pont canal\"},\"image\":{\"@id\":\"https:\\\/\\\/www.lamaisondupontcanal.com\\\/boutique\\\/#\\\/schema\\\/logo\\\/image\\\/\"},\"sameAs\":[\"https:\\\/\\\/m.facebook.com\\\/groups\\\/1511920672530806?group_view_referrer=search\"]}]}<\/script>\n<!-- \/ Yoast SEO plugin. -->","yoast_head_json":{"title":"Panier pique-nique Marine 4 personnes - LA MAISON DU PONT CANAL","description":"Ce panier pique-nique 4 personnes a \u00e9t\u00e9 con\u00e7u pour les familles et les amis qui aiment se retrouver pour partager un moment festif.","robots":{"index":"index","follow":"follow","max-snippet":"max-snippet:-1","max-image-preview":"max-image-preview:large","max-video-preview":"max-video-preview:-1"},"canonical":"https:\/\/www.lamaisondupontcanal.com\/boutique\/produit\/panier-pique-nique-marine-4-personnes\/","og_locale":"fr_FR","og_type":"article","og_title":"Panier pique-nique Marine 4 personnes - LA MAISON DU PONT CANAL","og_description":"Ce panier pique-nique 4 personnes a \u00e9t\u00e9 con\u00e7u pour les familles et les amis qui aiment se retrouver pour partager un moment festif.","og_url":"https:\/\/www.lamaisondupontcanal.com\/boutique\/produit\/panier-pique-nique-marine-4-personnes\/","article_publisher":"https:\/\/m.facebook.com\/groups\/1511920672530806?group_view_referrer=search","article_modified_time":"2025-03-21T15:32:17+00:00","og_image":[{"width":1400,"height":1400,"url":"https:\/\/www.lamaisondupontcanal.com\/boutique\/wp-content\/uploads\/2021\/10\/P-1934B-Marine-Ambiance.jpg","type":"image\/jpeg"}],"twitter_card":"summary_large_image","twitter_misc":{"Dur\u00e9e de lecture estim\u00e9e":"1 minute"},"schema":{"@context":"https:\/\/schema.org","@graph":[{"@type":"WebPage","@id":"https:\/\/www.lamaisondupontcanal.com\/boutique\/produit\/panier-pique-nique-marine-4-personnes\/","url":"https:\/\/www.lamaisondupontcanal.com\/boutique\/produit\/panier-pique-nique-marine-4-personnes\/","name":"Panier pique-nique Marine 4 personnes - LA MAISON DU PONT CANAL","isPartOf":{"@id":"https:\/\/www.lamaisondupontcanal.com\/boutique\/#website"},"primaryImageOfPage":{"@id":"https:\/\/www.lamaisondupontcanal.com\/boutique\/produit\/panier-pique-nique-marine-4-personnes\/#primaryimage"},"image":{"@id":"https:\/\/www.lamaisondupontcanal.com\/boutique\/produit\/panier-pique-nique-marine-4-personnes\/#primaryimage"},"thumbnailUrl":"https:\/\/www.lamaisondupontcanal.com\/boutique\/wp-content\/uploads\/2021\/10\/P-1934B-Marine-Ambiance.jpg","datePublished":"2021-10-21T15:11:55+00:00","dateModified":"2025-03-21T15:32:17+00:00","description":"Ce panier pique-nique 4 personnes a \u00e9t\u00e9 con\u00e7u pour les familles et les amis qui aiment se retrouver pour partager un moment festif.","breadcrumb":{"@id":"https:\/\/www.lamaisondupontcanal.com\/boutique\/produit\/panier-pique-nique-marine-4-personnes\/#breadcrumb"},"inLanguage":"fr-FR","potentialAction":[{"@type":"ReadAction","target":["https:\/\/www.lamaisondupontcanal.com\/boutique\/produit\/panier-pique-nique-marine-4-personnes\/"]}]},{"@type":"ImageObject","inLanguage":"fr-FR","@id":"https:\/\/www.lamaisondupontcanal.com\/boutique\/produit\/panier-pique-nique-marine-4-personnes\/#primaryimage","url":"https:\/\/www.lamaisondupontcanal.com\/boutique\/wp-content\/uploads\/2021\/10\/P-1934B-Marine-Ambiance.jpg","contentUrl":"https:\/\/www.lamaisondupontcanal.com\/boutique\/wp-content\/uploads\/2021\/10\/P-1934B-Marine-Ambiance.jpg","width":1400,"height":1400,"caption":"panier pique-nique rond Marine 4 personnes Les Jardins de la Comtesse"},{"@type":"BreadcrumbList","@id":"https:\/\/www.lamaisondupontcanal.com\/boutique\/produit\/panier-pique-nique-marine-4-personnes\/#breadcrumb","itemListElement":[{"@type":"ListItem","position":1,"name":"Accueil","item":"https:\/\/www.lamaisondupontcanal.com\/boutique\/"},{"@type":"ListItem","position":2,"name":"Panier pique-nique Marine 4 personnes"}]},{"@type":"WebSite","@id":"https:\/\/www.lamaisondupontcanal.com\/boutique\/#website","url":"https:\/\/www.lamaisondupontcanal.com\/boutique\/","name":"La maison du pont canal boutique en ligne","description":"boutique en ligne d&#039;id\u00e9es cadeaux et des produits locaux","publisher":{"@id":"https:\/\/www.lamaisondupontcanal.com\/boutique\/#organization"},"potentialAction":[{"@type":"SearchAction","target":{"@type":"EntryPoint","urlTemplate":"https:\/\/www.lamaisondupontcanal.com\/boutique\/?s={search_term_string}"},"query-input":{"@type":"PropertyValueSpecification","valueRequired":true,"valueName":"search_term_string"}}],"inLanguage":"fr-FR"},{"@type":"Organization","@id":"https:\/\/www.lamaisondupontcanal.com\/boutique\/#organization","name":"La maison du pont canal","url":"https:\/\/www.lamaisondupontcanal.com\/boutique\/","logo":{"@type":"ImageObject","inLanguage":"fr-FR","@id":"https:\/\/www.lamaisondupontcanal.com\/boutique\/#\/schema\/logo\/image\/","url":"https:\/\/www.lamaisondupontcanal.com\/boutique\/wp-content\/uploads\/2020\/10\/logo.png","contentUrl":"https:\/\/www.lamaisondupontcanal.com\/boutique\/wp-content\/uploads\/2020\/10\/logo.png","width":431,"height":151,"caption":"La maison du pont canal"},"image":{"@id":"https:\/\/www.lamaisondupontcanal.com\/boutique\/#\/schema\/logo\/image\/"},"sameAs":["https:\/\/m.facebook.com\/groups\/1511920672530806?group_view_referrer=search"]}]}},"_links":{"self":[{"href":"https:\/\/www.lamaisondupontcanal.com\/boutique\/wp-json\/wp\/v2\/product\/1275","targetHints":{"allow":["GET"]}}],"collection":[{"href":"https:\/\/www.lamaisondupontcanal.com\/boutique\/wp-json\/wp\/v2\/product"}],"about":[{"href":"https:\/\/www.lamaisondupontcanal.com\/boutique\/wp-json\/wp\/v2\/types\/product"}],"wp:featuredmedia":[{"embeddable":true,"href":"https:\/\/www.lamaisondupontcanal.com\/boutique\/wp-json\/wp\/v2\/media\/1276"}],"wp:attachment":[{"href":"https:\/\/www.lamaisondupontcanal.com\/boutique\/wp-json\/wp\/v2\/media?parent=1275"}],"wp:term":[{"taxonomy":"product_brand","embeddable":true,"href":"https:\/\/www.lamaisondupontcanal.com\/boutique\/wp-json\/wp\/v2\/product_brand?post=1275"},{"taxonomy":"product_cat","embeddable":true,"href":"https:\/\/www.lamaisondupontcanal.com\/boutique\/wp-json\/wp\/v2\/product_cat?post=1275"},{"taxonomy":"product_tag","embeddable":true,"href":"https:\/\/www.lamaisondupontcanal.com\/boutique\/wp-json\/wp\/v2\/product_tag?post=1275"}],"curies":[{"name":"wp","href":"https:\/\/api.w.org\/{rel}","templated":true}]}}