{"id":1477,"date":"2023-11-17T11:48:43","date_gmt":"2023-11-17T10:48:43","guid":{"rendered":"https:\/\/www.lamaisondupontcanal.com\/boutique\/?post_type=product&#038;p=1477"},"modified":"2025-03-21T16:35:54","modified_gmt":"2025-03-21T15:35:54","slug":"paniers-en-osier-et-cuir-saint-honore-bleu-4-personnes","status":"publish","type":"product","link":"https:\/\/www.lamaisondupontcanal.com\/boutique\/produit\/paniers-en-osier-et-cuir-saint-honore-bleu-4-personnes\/","title":{"rendered":"PANIERS EN OSIER ET CUIR SAINT-HONOR\u00c9 Bleu 4 personnes"},"content":{"rendered":"<p><strong>DIMENSIONS\u00a0<\/strong><\/p>\n<p><span class=\"fontstyle0\">\u00a045 x 28 x 28 cm &#8211; 4 pers.<\/span><\/p>\n<p><strong><span class=\"fontstyle0\">AVANTAGES PRODUITS<\/span><\/strong><\/p>\n<p><span class=\"fontstyle0\">Table int\u00e9gr\u00e9e \u00e0 pied amovible Porte-bouteille isotherme<\/span><\/p>\n<p><span class=\"fontstyle0\">Serviettes en coton 30 x 30 cm<\/span><\/p>\n<p><span class=\"fontstyle0\">Grande poche isotherme amovible 34 x 18 x 14 cm Sangles en cuir lisse v\u00e9ritable<br \/>\n<\/span><\/p>\n<p><span class=\"fontstyle0\">Couverts en acier inoxydable 18 \/ 0<br \/>\n<\/span><\/p>\n<p><span class=\"fontstyle0\">Bandouli\u00e8re ajustable<\/span><\/p>\n<p><span class=\"fontstyle0\">Nappe enduite imperm\u00e9able 140 x 140 cm Assiettes en porcelaine<\/span><\/p>\n<p><strong>FOURNISSEUR<\/strong><\/p>\n<p>Les jardins de la comtesse<\/p>\n","protected":false},"excerpt":{"rendered":"<p><span class=\"fontstyle0\">Ces panier en osier ont des usages multiples, lors de vos pique-niques ou pour vos balades au potager ou en for\u00eat. <\/span><\/p>\n<p><span class=\"fontstyle0\">Profitez donc de ce panier en osier pour y ins\u00e9rer vos aliments pour pique-niquer.<\/span><\/p>\n","protected":false},"featured_media":1478,"template":"","meta":[],"product_brand":[],"product_cat":[39,74,67],"product_tag":[76],"class_list":{"0":"post-1477","1":"product","2":"type-product","3":"status-publish","4":"has-post-thumbnail","6":"product_cat-cadeau","7":"product_cat-panier","8":"product_cat-pique-nique","9":"product_tag-les-jardin-de-la-comtesse","11":"first","12":"instock","13":"taxable","14":"shipping-taxable","15":"purchasable","16":"product-type-simple"},"yoast_head":"<!-- This site is optimized with the Yoast SEO plugin v27.4 - https:\/\/yoast.com\/product\/yoast-seo-wordpress\/ -->\n<title>Panier en osier- LA MAISON DU PONT CANAL<\/title>\n<meta name=\"description\" content=\"Ces panier en osier 4 personnes ont des usages multiples, lors de vos pique-niques ou pour vos balades au potager ou en for\u00eat.\" \/>\n<meta name=\"robots\" content=\"index, follow, max-snippet:-1, max-image-preview:large, max-video-preview:-1\" \/>\n<link rel=\"canonical\" href=\"https:\/\/www.lamaisondupontcanal.com\/boutique\/produit\/paniers-en-osier-et-cuir-saint-honore-bleu-4-personnes\/\" \/>\n<meta property=\"og:locale\" content=\"fr_FR\" \/>\n<meta property=\"og:type\" content=\"article\" \/>\n<meta property=\"og:title\" content=\"Panier en osier- LA MAISON DU PONT CANAL\" \/>\n<meta property=\"og:description\" content=\"Ces panier en osier 4 personnes ont des usages multiples, lors de vos pique-niques ou pour vos balades au potager ou en for\u00eat.\" \/>\n<meta property=\"og:url\" content=\"https:\/\/www.lamaisondupontcanal.com\/boutique\/produit\/paniers-en-osier-et-cuir-saint-honore-bleu-4-personnes\/\" \/>\n<meta property=\"article:publisher\" content=\"https:\/\/m.facebook.com\/groups\/1511920672530806?group_view_referrer=search\" \/>\n<meta property=\"article:modified_time\" content=\"2025-03-21T15:35:54+00:00\" \/>\n<meta property=\"og:image\" content=\"https:\/\/www.lamaisondupontcanal.com\/boutique\/wp-content\/uploads\/2023\/11\/PAN-ST-HON-P15236.jpg\" \/>\n\t<meta property=\"og:image:width\" content=\"450\" \/>\n\t<meta property=\"og:image:height\" content=\"450\" \/>\n\t<meta property=\"og:image:type\" content=\"image\/jpeg\" \/>\n<meta name=\"twitter:card\" content=\"summary_large_image\" \/>\n<meta name=\"twitter:label1\" content=\"Dur\u00e9e de lecture estim\u00e9e\" \/>\n\t<meta name=\"twitter:data1\" content=\"1 minute\" \/>\n<script type=\"application\/ld+json\" class=\"yoast-schema-graph\">{\"@context\":\"https:\\\/\\\/schema.org\",\"@graph\":[{\"@type\":\"WebPage\",\"@id\":\"https:\\\/\\\/www.lamaisondupontcanal.com\\\/boutique\\\/produit\\\/paniers-en-osier-et-cuir-saint-honore-bleu-4-personnes\\\/\",\"url\":\"https:\\\/\\\/www.lamaisondupontcanal.com\\\/boutique\\\/produit\\\/paniers-en-osier-et-cuir-saint-honore-bleu-4-personnes\\\/\",\"name\":\"Panier en osier- LA MAISON DU PONT CANAL\",\"isPartOf\":{\"@id\":\"https:\\\/\\\/www.lamaisondupontcanal.com\\\/boutique\\\/#website\"},\"primaryImageOfPage\":{\"@id\":\"https:\\\/\\\/www.lamaisondupontcanal.com\\\/boutique\\\/produit\\\/paniers-en-osier-et-cuir-saint-honore-bleu-4-personnes\\\/#primaryimage\"},\"image\":{\"@id\":\"https:\\\/\\\/www.lamaisondupontcanal.com\\\/boutique\\\/produit\\\/paniers-en-osier-et-cuir-saint-honore-bleu-4-personnes\\\/#primaryimage\"},\"thumbnailUrl\":\"https:\\\/\\\/www.lamaisondupontcanal.com\\\/boutique\\\/wp-content\\\/uploads\\\/2023\\\/11\\\/PAN-ST-HON-P15236.jpg\",\"datePublished\":\"2023-11-17T10:48:43+00:00\",\"dateModified\":\"2025-03-21T15:35:54+00:00\",\"description\":\"Ces panier en osier 4 personnes ont des usages multiples, lors de vos pique-niques ou pour vos balades au potager ou en for\u00eat.\",\"breadcrumb\":{\"@id\":\"https:\\\/\\\/www.lamaisondupontcanal.com\\\/boutique\\\/produit\\\/paniers-en-osier-et-cuir-saint-honore-bleu-4-personnes\\\/#breadcrumb\"},\"inLanguage\":\"fr-FR\",\"potentialAction\":[{\"@type\":\"ReadAction\",\"target\":[\"https:\\\/\\\/www.lamaisondupontcanal.com\\\/boutique\\\/produit\\\/paniers-en-osier-et-cuir-saint-honore-bleu-4-personnes\\\/\"]}]},{\"@type\":\"ImageObject\",\"inLanguage\":\"fr-FR\",\"@id\":\"https:\\\/\\\/www.lamaisondupontcanal.com\\\/boutique\\\/produit\\\/paniers-en-osier-et-cuir-saint-honore-bleu-4-personnes\\\/#primaryimage\",\"url\":\"https:\\\/\\\/www.lamaisondupontcanal.com\\\/boutique\\\/wp-content\\\/uploads\\\/2023\\\/11\\\/PAN-ST-HON-P15236.jpg\",\"contentUrl\":\"https:\\\/\\\/www.lamaisondupontcanal.com\\\/boutique\\\/wp-content\\\/uploads\\\/2023\\\/11\\\/PAN-ST-HON-P15236.jpg\",\"width\":450,\"height\":450,\"caption\":\"Panier en osier Les jardins de la comtesse\"},{\"@type\":\"BreadcrumbList\",\"@id\":\"https:\\\/\\\/www.lamaisondupontcanal.com\\\/boutique\\\/produit\\\/paniers-en-osier-et-cuir-saint-honore-bleu-4-personnes\\\/#breadcrumb\",\"itemListElement\":[{\"@type\":\"ListItem\",\"position\":1,\"name\":\"Accueil\",\"item\":\"https:\\\/\\\/www.lamaisondupontcanal.com\\\/boutique\\\/\"},{\"@type\":\"ListItem\",\"position\":2,\"name\":\"PANIERS EN OSIER ET CUIR SAINT-HONOR\u00c9 Bleu 4 personnes\"}]},{\"@type\":\"WebSite\",\"@id\":\"https:\\\/\\\/www.lamaisondupontcanal.com\\\/boutique\\\/#website\",\"url\":\"https:\\\/\\\/www.lamaisondupontcanal.com\\\/boutique\\\/\",\"name\":\"La maison du pont canal boutique en ligne\",\"description\":\"boutique en ligne d&#039;id\u00e9es cadeaux et des produits locaux\",\"publisher\":{\"@id\":\"https:\\\/\\\/www.lamaisondupontcanal.com\\\/boutique\\\/#organization\"},\"potentialAction\":[{\"@type\":\"SearchAction\",\"target\":{\"@type\":\"EntryPoint\",\"urlTemplate\":\"https:\\\/\\\/www.lamaisondupontcanal.com\\\/boutique\\\/?s={search_term_string}\"},\"query-input\":{\"@type\":\"PropertyValueSpecification\",\"valueRequired\":true,\"valueName\":\"search_term_string\"}}],\"inLanguage\":\"fr-FR\"},{\"@type\":\"Organization\",\"@id\":\"https:\\\/\\\/www.lamaisondupontcanal.com\\\/boutique\\\/#organization\",\"name\":\"La maison du pont canal\",\"url\":\"https:\\\/\\\/www.lamaisondupontcanal.com\\\/boutique\\\/\",\"logo\":{\"@type\":\"ImageObject\",\"inLanguage\":\"fr-FR\",\"@id\":\"https:\\\/\\\/www.lamaisondupontcanal.com\\\/boutique\\\/#\\\/schema\\\/logo\\\/image\\\/\",\"url\":\"https:\\\/\\\/www.lamaisondupontcanal.com\\\/boutique\\\/wp-content\\\/uploads\\\/2020\\\/10\\\/logo.png\",\"contentUrl\":\"https:\\\/\\\/www.lamaisondupontcanal.com\\\/boutique\\\/wp-content\\\/uploads\\\/2020\\\/10\\\/logo.png\",\"width\":431,\"height\":151,\"caption\":\"La maison du pont canal\"},\"image\":{\"@id\":\"https:\\\/\\\/www.lamaisondupontcanal.com\\\/boutique\\\/#\\\/schema\\\/logo\\\/image\\\/\"},\"sameAs\":[\"https:\\\/\\\/m.facebook.com\\\/groups\\\/1511920672530806?group_view_referrer=search\"]}]}<\/script>\n<!-- \/ Yoast SEO plugin. -->","yoast_head_json":{"title":"Panier en osier- LA MAISON DU PONT CANAL","description":"Ces panier en osier 4 personnes ont des usages multiples, lors de vos pique-niques ou pour vos balades au potager ou en for\u00eat.","robots":{"index":"index","follow":"follow","max-snippet":"max-snippet:-1","max-image-preview":"max-image-preview:large","max-video-preview":"max-video-preview:-1"},"canonical":"https:\/\/www.lamaisondupontcanal.com\/boutique\/produit\/paniers-en-osier-et-cuir-saint-honore-bleu-4-personnes\/","og_locale":"fr_FR","og_type":"article","og_title":"Panier en osier- LA MAISON DU PONT CANAL","og_description":"Ces panier en osier 4 personnes ont des usages multiples, lors de vos pique-niques ou pour vos balades au potager ou en for\u00eat.","og_url":"https:\/\/www.lamaisondupontcanal.com\/boutique\/produit\/paniers-en-osier-et-cuir-saint-honore-bleu-4-personnes\/","article_publisher":"https:\/\/m.facebook.com\/groups\/1511920672530806?group_view_referrer=search","article_modified_time":"2025-03-21T15:35:54+00:00","og_image":[{"width":450,"height":450,"url":"https:\/\/www.lamaisondupontcanal.com\/boutique\/wp-content\/uploads\/2023\/11\/PAN-ST-HON-P15236.jpg","type":"image\/jpeg"}],"twitter_card":"summary_large_image","twitter_misc":{"Dur\u00e9e de lecture estim\u00e9e":"1 minute"},"schema":{"@context":"https:\/\/schema.org","@graph":[{"@type":"WebPage","@id":"https:\/\/www.lamaisondupontcanal.com\/boutique\/produit\/paniers-en-osier-et-cuir-saint-honore-bleu-4-personnes\/","url":"https:\/\/www.lamaisondupontcanal.com\/boutique\/produit\/paniers-en-osier-et-cuir-saint-honore-bleu-4-personnes\/","name":"Panier en osier- LA MAISON DU PONT CANAL","isPartOf":{"@id":"https:\/\/www.lamaisondupontcanal.com\/boutique\/#website"},"primaryImageOfPage":{"@id":"https:\/\/www.lamaisondupontcanal.com\/boutique\/produit\/paniers-en-osier-et-cuir-saint-honore-bleu-4-personnes\/#primaryimage"},"image":{"@id":"https:\/\/www.lamaisondupontcanal.com\/boutique\/produit\/paniers-en-osier-et-cuir-saint-honore-bleu-4-personnes\/#primaryimage"},"thumbnailUrl":"https:\/\/www.lamaisondupontcanal.com\/boutique\/wp-content\/uploads\/2023\/11\/PAN-ST-HON-P15236.jpg","datePublished":"2023-11-17T10:48:43+00:00","dateModified":"2025-03-21T15:35:54+00:00","description":"Ces panier en osier 4 personnes ont des usages multiples, lors de vos pique-niques ou pour vos balades au potager ou en for\u00eat.","breadcrumb":{"@id":"https:\/\/www.lamaisondupontcanal.com\/boutique\/produit\/paniers-en-osier-et-cuir-saint-honore-bleu-4-personnes\/#breadcrumb"},"inLanguage":"fr-FR","potentialAction":[{"@type":"ReadAction","target":["https:\/\/www.lamaisondupontcanal.com\/boutique\/produit\/paniers-en-osier-et-cuir-saint-honore-bleu-4-personnes\/"]}]},{"@type":"ImageObject","inLanguage":"fr-FR","@id":"https:\/\/www.lamaisondupontcanal.com\/boutique\/produit\/paniers-en-osier-et-cuir-saint-honore-bleu-4-personnes\/#primaryimage","url":"https:\/\/www.lamaisondupontcanal.com\/boutique\/wp-content\/uploads\/2023\/11\/PAN-ST-HON-P15236.jpg","contentUrl":"https:\/\/www.lamaisondupontcanal.com\/boutique\/wp-content\/uploads\/2023\/11\/PAN-ST-HON-P15236.jpg","width":450,"height":450,"caption":"Panier en osier Les jardins de la comtesse"},{"@type":"BreadcrumbList","@id":"https:\/\/www.lamaisondupontcanal.com\/boutique\/produit\/paniers-en-osier-et-cuir-saint-honore-bleu-4-personnes\/#breadcrumb","itemListElement":[{"@type":"ListItem","position":1,"name":"Accueil","item":"https:\/\/www.lamaisondupontcanal.com\/boutique\/"},{"@type":"ListItem","position":2,"name":"PANIERS EN OSIER ET CUIR SAINT-HONOR\u00c9 Bleu 4 personnes"}]},{"@type":"WebSite","@id":"https:\/\/www.lamaisondupontcanal.com\/boutique\/#website","url":"https:\/\/www.lamaisondupontcanal.com\/boutique\/","name":"La maison du pont canal boutique en ligne","description":"boutique en ligne d&#039;id\u00e9es cadeaux et des produits locaux","publisher":{"@id":"https:\/\/www.lamaisondupontcanal.com\/boutique\/#organization"},"potentialAction":[{"@type":"SearchAction","target":{"@type":"EntryPoint","urlTemplate":"https:\/\/www.lamaisondupontcanal.com\/boutique\/?s={search_term_string}"},"query-input":{"@type":"PropertyValueSpecification","valueRequired":true,"valueName":"search_term_string"}}],"inLanguage":"fr-FR"},{"@type":"Organization","@id":"https:\/\/www.lamaisondupontcanal.com\/boutique\/#organization","name":"La maison du pont canal","url":"https:\/\/www.lamaisondupontcanal.com\/boutique\/","logo":{"@type":"ImageObject","inLanguage":"fr-FR","@id":"https:\/\/www.lamaisondupontcanal.com\/boutique\/#\/schema\/logo\/image\/","url":"https:\/\/www.lamaisondupontcanal.com\/boutique\/wp-content\/uploads\/2020\/10\/logo.png","contentUrl":"https:\/\/www.lamaisondupontcanal.com\/boutique\/wp-content\/uploads\/2020\/10\/logo.png","width":431,"height":151,"caption":"La maison du pont canal"},"image":{"@id":"https:\/\/www.lamaisondupontcanal.com\/boutique\/#\/schema\/logo\/image\/"},"sameAs":["https:\/\/m.facebook.com\/groups\/1511920672530806?group_view_referrer=search"]}]}},"_links":{"self":[{"href":"https:\/\/www.lamaisondupontcanal.com\/boutique\/wp-json\/wp\/v2\/product\/1477","targetHints":{"allow":["GET"]}}],"collection":[{"href":"https:\/\/www.lamaisondupontcanal.com\/boutique\/wp-json\/wp\/v2\/product"}],"about":[{"href":"https:\/\/www.lamaisondupontcanal.com\/boutique\/wp-json\/wp\/v2\/types\/product"}],"wp:featuredmedia":[{"embeddable":true,"href":"https:\/\/www.lamaisondupontcanal.com\/boutique\/wp-json\/wp\/v2\/media\/1478"}],"wp:attachment":[{"href":"https:\/\/www.lamaisondupontcanal.com\/boutique\/wp-json\/wp\/v2\/media?parent=1477"}],"wp:term":[{"taxonomy":"product_brand","embeddable":true,"href":"https:\/\/www.lamaisondupontcanal.com\/boutique\/wp-json\/wp\/v2\/product_brand?post=1477"},{"taxonomy":"product_cat","embeddable":true,"href":"https:\/\/www.lamaisondupontcanal.com\/boutique\/wp-json\/wp\/v2\/product_cat?post=1477"},{"taxonomy":"product_tag","embeddable":true,"href":"https:\/\/www.lamaisondupontcanal.com\/boutique\/wp-json\/wp\/v2\/product_tag?post=1477"}],"curies":[{"name":"wp","href":"https:\/\/api.w.org\/{rel}","templated":true}]}}