{"id":1576,"date":"2024-11-13T18:01:57","date_gmt":"2024-11-13T17:01:57","guid":{"rendered":"https:\/\/www.lamaisondupontcanal.com\/boutique\/?post_type=product&#038;p=1576"},"modified":"2024-11-21T18:07:37","modified_gmt":"2024-11-21T17:07:37","slug":"magnet-metal-rectangle-mat-skyline-gien","status":"publish","type":"product","link":"https:\/\/www.lamaisondupontcanal.com\/boutique\/produit\/magnet-metal-rectangle-mat-skyline-gien\/","title":{"rendered":"Magnet M\u00e9tal rectangle mat Skyline Gien"},"content":{"rendered":"<p>Illustration stylis\u00e9e de la ville de Gien, avec son architecture caract\u00e9ristique, notamment l&rsquo;\u00e9glise et le ch\u00e2teau en silhouette noire sur un fond blanc.<\/p>\n","protected":false},"excerpt":{"rendered":"<p>Magnet M\u00e9tal rectangle mat Skyline Gien<\/p>\n<p>Taille : 8&#215;5 cm<\/p>\n","protected":false},"featured_media":1597,"template":"","meta":[],"product_brand":[],"product_cat":[39,69],"product_tag":[],"class_list":{"0":"post-1576","1":"product","2":"type-product","3":"status-publish","4":"has-post-thumbnail","6":"product_cat-cadeau","7":"product_cat-souvenir-briare","9":"first","10":"instock","11":"taxable","12":"shipping-taxable","13":"purchasable","14":"product-type-simple"},"yoast_head":"<!-- This site is optimized with the Yoast SEO plugin v27.4 - https:\/\/yoast.com\/product\/yoast-seo-wordpress\/ -->\n<title>Magnet M\u00e9tal rectangle mat Skyline Gien -<\/title>\n<meta name=\"description\" content=\"Illustration stylis\u00e9e de la ville de Gien, avec son architecture caract\u00e9ristique, notamment l&#039;\u00e9glise et le ch\u00e2teau en silhouette noire sur un fond blanc.\" \/>\n<meta name=\"robots\" content=\"index, follow, max-snippet:-1, max-image-preview:large, max-video-preview:-1\" \/>\n<link rel=\"canonical\" href=\"https:\/\/www.lamaisondupontcanal.com\/boutique\/produit\/magnet-metal-rectangle-mat-skyline-gien\/\" \/>\n<meta property=\"og:locale\" content=\"fr_FR\" \/>\n<meta property=\"og:type\" content=\"article\" \/>\n<meta property=\"og:title\" content=\"Magnet M\u00e9tal rectangle mat Skyline Gien -\" \/>\n<meta property=\"og:description\" content=\"Illustration stylis\u00e9e de la ville de Gien, avec son architecture caract\u00e9ristique, notamment l&#039;\u00e9glise et le ch\u00e2teau en silhouette noire sur un fond blanc.\" \/>\n<meta property=\"og:url\" content=\"https:\/\/www.lamaisondupontcanal.com\/boutique\/produit\/magnet-metal-rectangle-mat-skyline-gien\/\" \/>\n<meta property=\"article:publisher\" content=\"https:\/\/m.facebook.com\/groups\/1511920672530806?group_view_referrer=search\" \/>\n<meta property=\"article:modified_time\" content=\"2024-11-21T17:07:37+00:00\" \/>\n<meta property=\"og:image\" content=\"https:\/\/www.lamaisondupontcanal.com\/boutique\/wp-content\/uploads\/2024\/11\/Magnet-Briare.jpg\" \/>\n\t<meta property=\"og:image:width\" content=\"450\" \/>\n\t<meta property=\"og:image:height\" content=\"450\" \/>\n\t<meta property=\"og:image:type\" content=\"image\/jpeg\" \/>\n<meta name=\"twitter:card\" content=\"summary_large_image\" \/>\n<meta name=\"twitter:label1\" content=\"Dur\u00e9e de lecture estim\u00e9e\" \/>\n\t<meta name=\"twitter:data1\" content=\"1 minute\" \/>\n<script type=\"application\/ld+json\" class=\"yoast-schema-graph\">{\"@context\":\"https:\\\/\\\/schema.org\",\"@graph\":[{\"@type\":\"WebPage\",\"@id\":\"https:\\\/\\\/www.lamaisondupontcanal.com\\\/boutique\\\/produit\\\/magnet-metal-rectangle-mat-skyline-gien\\\/\",\"url\":\"https:\\\/\\\/www.lamaisondupontcanal.com\\\/boutique\\\/produit\\\/magnet-metal-rectangle-mat-skyline-gien\\\/\",\"name\":\"Magnet M\u00e9tal rectangle mat Skyline Gien -\",\"isPartOf\":{\"@id\":\"https:\\\/\\\/www.lamaisondupontcanal.com\\\/boutique\\\/#website\"},\"primaryImageOfPage\":{\"@id\":\"https:\\\/\\\/www.lamaisondupontcanal.com\\\/boutique\\\/produit\\\/magnet-metal-rectangle-mat-skyline-gien\\\/#primaryimage\"},\"image\":{\"@id\":\"https:\\\/\\\/www.lamaisondupontcanal.com\\\/boutique\\\/produit\\\/magnet-metal-rectangle-mat-skyline-gien\\\/#primaryimage\"},\"thumbnailUrl\":\"https:\\\/\\\/www.lamaisondupontcanal.com\\\/boutique\\\/wp-content\\\/uploads\\\/2024\\\/11\\\/Magnet-Briare.jpg\",\"datePublished\":\"2024-11-13T17:01:57+00:00\",\"dateModified\":\"2024-11-21T17:07:37+00:00\",\"description\":\"Illustration stylis\u00e9e de la ville de Gien, avec son architecture caract\u00e9ristique, notamment l'\u00e9glise et le ch\u00e2teau en silhouette noire sur un fond blanc.\",\"breadcrumb\":{\"@id\":\"https:\\\/\\\/www.lamaisondupontcanal.com\\\/boutique\\\/produit\\\/magnet-metal-rectangle-mat-skyline-gien\\\/#breadcrumb\"},\"inLanguage\":\"fr-FR\",\"potentialAction\":[{\"@type\":\"ReadAction\",\"target\":[\"https:\\\/\\\/www.lamaisondupontcanal.com\\\/boutique\\\/produit\\\/magnet-metal-rectangle-mat-skyline-gien\\\/\"]}]},{\"@type\":\"ImageObject\",\"inLanguage\":\"fr-FR\",\"@id\":\"https:\\\/\\\/www.lamaisondupontcanal.com\\\/boutique\\\/produit\\\/magnet-metal-rectangle-mat-skyline-gien\\\/#primaryimage\",\"url\":\"https:\\\/\\\/www.lamaisondupontcanal.com\\\/boutique\\\/wp-content\\\/uploads\\\/2024\\\/11\\\/Magnet-Briare.jpg\",\"contentUrl\":\"https:\\\/\\\/www.lamaisondupontcanal.com\\\/boutique\\\/wp-content\\\/uploads\\\/2024\\\/11\\\/Magnet-Briare.jpg\",\"width\":450,\"height\":450,\"caption\":\"Magnet M\u00e9tal rectangle mat Skyline Gien Taille 8x5cm\"},{\"@type\":\"BreadcrumbList\",\"@id\":\"https:\\\/\\\/www.lamaisondupontcanal.com\\\/boutique\\\/produit\\\/magnet-metal-rectangle-mat-skyline-gien\\\/#breadcrumb\",\"itemListElement\":[{\"@type\":\"ListItem\",\"position\":1,\"name\":\"Accueil\",\"item\":\"https:\\\/\\\/www.lamaisondupontcanal.com\\\/boutique\\\/\"},{\"@type\":\"ListItem\",\"position\":2,\"name\":\"Magnet M\u00e9tal rectangle mat Skyline Gien\"}]},{\"@type\":\"WebSite\",\"@id\":\"https:\\\/\\\/www.lamaisondupontcanal.com\\\/boutique\\\/#website\",\"url\":\"https:\\\/\\\/www.lamaisondupontcanal.com\\\/boutique\\\/\",\"name\":\"La maison du pont canal boutique en ligne\",\"description\":\"boutique en ligne d&#039;id\u00e9es cadeaux et des produits locaux\",\"publisher\":{\"@id\":\"https:\\\/\\\/www.lamaisondupontcanal.com\\\/boutique\\\/#organization\"},\"potentialAction\":[{\"@type\":\"SearchAction\",\"target\":{\"@type\":\"EntryPoint\",\"urlTemplate\":\"https:\\\/\\\/www.lamaisondupontcanal.com\\\/boutique\\\/?s={search_term_string}\"},\"query-input\":{\"@type\":\"PropertyValueSpecification\",\"valueRequired\":true,\"valueName\":\"search_term_string\"}}],\"inLanguage\":\"fr-FR\"},{\"@type\":\"Organization\",\"@id\":\"https:\\\/\\\/www.lamaisondupontcanal.com\\\/boutique\\\/#organization\",\"name\":\"La maison du pont canal\",\"url\":\"https:\\\/\\\/www.lamaisondupontcanal.com\\\/boutique\\\/\",\"logo\":{\"@type\":\"ImageObject\",\"inLanguage\":\"fr-FR\",\"@id\":\"https:\\\/\\\/www.lamaisondupontcanal.com\\\/boutique\\\/#\\\/schema\\\/logo\\\/image\\\/\",\"url\":\"https:\\\/\\\/www.lamaisondupontcanal.com\\\/boutique\\\/wp-content\\\/uploads\\\/2020\\\/10\\\/logo.png\",\"contentUrl\":\"https:\\\/\\\/www.lamaisondupontcanal.com\\\/boutique\\\/wp-content\\\/uploads\\\/2020\\\/10\\\/logo.png\",\"width\":431,\"height\":151,\"caption\":\"La maison du pont canal\"},\"image\":{\"@id\":\"https:\\\/\\\/www.lamaisondupontcanal.com\\\/boutique\\\/#\\\/schema\\\/logo\\\/image\\\/\"},\"sameAs\":[\"https:\\\/\\\/m.facebook.com\\\/groups\\\/1511920672530806?group_view_referrer=search\"]}]}<\/script>\n<!-- \/ Yoast SEO plugin. -->","yoast_head_json":{"title":"Magnet M\u00e9tal rectangle mat Skyline Gien -","description":"Illustration stylis\u00e9e de la ville de Gien, avec son architecture caract\u00e9ristique, notamment l'\u00e9glise et le ch\u00e2teau en silhouette noire sur un fond blanc.","robots":{"index":"index","follow":"follow","max-snippet":"max-snippet:-1","max-image-preview":"max-image-preview:large","max-video-preview":"max-video-preview:-1"},"canonical":"https:\/\/www.lamaisondupontcanal.com\/boutique\/produit\/magnet-metal-rectangle-mat-skyline-gien\/","og_locale":"fr_FR","og_type":"article","og_title":"Magnet M\u00e9tal rectangle mat Skyline Gien -","og_description":"Illustration stylis\u00e9e de la ville de Gien, avec son architecture caract\u00e9ristique, notamment l'\u00e9glise et le ch\u00e2teau en silhouette noire sur un fond blanc.","og_url":"https:\/\/www.lamaisondupontcanal.com\/boutique\/produit\/magnet-metal-rectangle-mat-skyline-gien\/","article_publisher":"https:\/\/m.facebook.com\/groups\/1511920672530806?group_view_referrer=search","article_modified_time":"2024-11-21T17:07:37+00:00","og_image":[{"width":450,"height":450,"url":"https:\/\/www.lamaisondupontcanal.com\/boutique\/wp-content\/uploads\/2024\/11\/Magnet-Briare.jpg","type":"image\/jpeg"}],"twitter_card":"summary_large_image","twitter_misc":{"Dur\u00e9e de lecture estim\u00e9e":"1 minute"},"schema":{"@context":"https:\/\/schema.org","@graph":[{"@type":"WebPage","@id":"https:\/\/www.lamaisondupontcanal.com\/boutique\/produit\/magnet-metal-rectangle-mat-skyline-gien\/","url":"https:\/\/www.lamaisondupontcanal.com\/boutique\/produit\/magnet-metal-rectangle-mat-skyline-gien\/","name":"Magnet M\u00e9tal rectangle mat Skyline Gien -","isPartOf":{"@id":"https:\/\/www.lamaisondupontcanal.com\/boutique\/#website"},"primaryImageOfPage":{"@id":"https:\/\/www.lamaisondupontcanal.com\/boutique\/produit\/magnet-metal-rectangle-mat-skyline-gien\/#primaryimage"},"image":{"@id":"https:\/\/www.lamaisondupontcanal.com\/boutique\/produit\/magnet-metal-rectangle-mat-skyline-gien\/#primaryimage"},"thumbnailUrl":"https:\/\/www.lamaisondupontcanal.com\/boutique\/wp-content\/uploads\/2024\/11\/Magnet-Briare.jpg","datePublished":"2024-11-13T17:01:57+00:00","dateModified":"2024-11-21T17:07:37+00:00","description":"Illustration stylis\u00e9e de la ville de Gien, avec son architecture caract\u00e9ristique, notamment l'\u00e9glise et le ch\u00e2teau en silhouette noire sur un fond blanc.","breadcrumb":{"@id":"https:\/\/www.lamaisondupontcanal.com\/boutique\/produit\/magnet-metal-rectangle-mat-skyline-gien\/#breadcrumb"},"inLanguage":"fr-FR","potentialAction":[{"@type":"ReadAction","target":["https:\/\/www.lamaisondupontcanal.com\/boutique\/produit\/magnet-metal-rectangle-mat-skyline-gien\/"]}]},{"@type":"ImageObject","inLanguage":"fr-FR","@id":"https:\/\/www.lamaisondupontcanal.com\/boutique\/produit\/magnet-metal-rectangle-mat-skyline-gien\/#primaryimage","url":"https:\/\/www.lamaisondupontcanal.com\/boutique\/wp-content\/uploads\/2024\/11\/Magnet-Briare.jpg","contentUrl":"https:\/\/www.lamaisondupontcanal.com\/boutique\/wp-content\/uploads\/2024\/11\/Magnet-Briare.jpg","width":450,"height":450,"caption":"Magnet M\u00e9tal rectangle mat Skyline Gien Taille 8x5cm"},{"@type":"BreadcrumbList","@id":"https:\/\/www.lamaisondupontcanal.com\/boutique\/produit\/magnet-metal-rectangle-mat-skyline-gien\/#breadcrumb","itemListElement":[{"@type":"ListItem","position":1,"name":"Accueil","item":"https:\/\/www.lamaisondupontcanal.com\/boutique\/"},{"@type":"ListItem","position":2,"name":"Magnet M\u00e9tal rectangle mat Skyline Gien"}]},{"@type":"WebSite","@id":"https:\/\/www.lamaisondupontcanal.com\/boutique\/#website","url":"https:\/\/www.lamaisondupontcanal.com\/boutique\/","name":"La maison du pont canal boutique en ligne","description":"boutique en ligne d&#039;id\u00e9es cadeaux et des produits locaux","publisher":{"@id":"https:\/\/www.lamaisondupontcanal.com\/boutique\/#organization"},"potentialAction":[{"@type":"SearchAction","target":{"@type":"EntryPoint","urlTemplate":"https:\/\/www.lamaisondupontcanal.com\/boutique\/?s={search_term_string}"},"query-input":{"@type":"PropertyValueSpecification","valueRequired":true,"valueName":"search_term_string"}}],"inLanguage":"fr-FR"},{"@type":"Organization","@id":"https:\/\/www.lamaisondupontcanal.com\/boutique\/#organization","name":"La maison du pont canal","url":"https:\/\/www.lamaisondupontcanal.com\/boutique\/","logo":{"@type":"ImageObject","inLanguage":"fr-FR","@id":"https:\/\/www.lamaisondupontcanal.com\/boutique\/#\/schema\/logo\/image\/","url":"https:\/\/www.lamaisondupontcanal.com\/boutique\/wp-content\/uploads\/2020\/10\/logo.png","contentUrl":"https:\/\/www.lamaisondupontcanal.com\/boutique\/wp-content\/uploads\/2020\/10\/logo.png","width":431,"height":151,"caption":"La maison du pont canal"},"image":{"@id":"https:\/\/www.lamaisondupontcanal.com\/boutique\/#\/schema\/logo\/image\/"},"sameAs":["https:\/\/m.facebook.com\/groups\/1511920672530806?group_view_referrer=search"]}]}},"_links":{"self":[{"href":"https:\/\/www.lamaisondupontcanal.com\/boutique\/wp-json\/wp\/v2\/product\/1576","targetHints":{"allow":["GET"]}}],"collection":[{"href":"https:\/\/www.lamaisondupontcanal.com\/boutique\/wp-json\/wp\/v2\/product"}],"about":[{"href":"https:\/\/www.lamaisondupontcanal.com\/boutique\/wp-json\/wp\/v2\/types\/product"}],"wp:featuredmedia":[{"embeddable":true,"href":"https:\/\/www.lamaisondupontcanal.com\/boutique\/wp-json\/wp\/v2\/media\/1597"}],"wp:attachment":[{"href":"https:\/\/www.lamaisondupontcanal.com\/boutique\/wp-json\/wp\/v2\/media?parent=1576"}],"wp:term":[{"taxonomy":"product_brand","embeddable":true,"href":"https:\/\/www.lamaisondupontcanal.com\/boutique\/wp-json\/wp\/v2\/product_brand?post=1576"},{"taxonomy":"product_cat","embeddable":true,"href":"https:\/\/www.lamaisondupontcanal.com\/boutique\/wp-json\/wp\/v2\/product_cat?post=1576"},{"taxonomy":"product_tag","embeddable":true,"href":"https:\/\/www.lamaisondupontcanal.com\/boutique\/wp-json\/wp\/v2\/product_tag?post=1576"}],"curies":[{"name":"wp","href":"https:\/\/api.w.org\/{rel}","templated":true}]}}