{"id":1592,"date":"2024-11-15T17:43:52","date_gmt":"2024-11-15T16:43:52","guid":{"rendered":"https:\/\/www.lamaisondupontcanal.com\/boutique\/?post_type=product&#038;p=1592"},"modified":"2024-11-21T18:07:22","modified_gmt":"2024-11-21T17:07:22","slug":"puzzle-pont-canal-de-briare","status":"publish","type":"product","link":"https:\/\/www.lamaisondupontcanal.com\/boutique\/produit\/puzzle-pont-canal-de-briare\/","title":{"rendered":"Puzzle Pont Canal de BRIARE"},"content":{"rendered":"<p>Puzzle de 99 pi\u00e8ces sur le monument embl\u00e9matique de Briare \u00ab\u00a0Le Pont Canal\u00a0\u00bb<\/p>\n","protected":false},"excerpt":{"rendered":"<p>Puzzle de 99 pi\u00e8ces sur le monument embl\u00e9matique de Briare \u00ab\u00a0Le Pont Canal\u00a0\u00bb<\/p>\n","protected":false},"featured_media":1598,"template":"","meta":[],"product_brand":[],"product_cat":[39,69],"product_tag":[],"class_list":{"0":"post-1592","1":"product","2":"type-product","3":"status-publish","4":"has-post-thumbnail","6":"product_cat-cadeau","7":"product_cat-souvenir-briare","9":"first","10":"instock","11":"taxable","12":"shipping-taxable","13":"purchasable","14":"product-type-simple"},"yoast_head":"<!-- This site is optimized with the Yoast SEO plugin v27.4 - https:\/\/yoast.com\/product\/yoast-seo-wordpress\/ -->\n<title>Puzzle Pont Canal de BRIARE -<\/title>\n<meta name=\"description\" content=\"Ce puzzle de 99 pi\u00e8ces sur le th\u00e8me du pont canal de Briare permet ainsi de capturer et de recr\u00e9er l&#039;essence de ce lieu embl\u00e9matique. C&#039;est un excellent choix pour ceux qui aiment explorer le patrimoine culturel et les monuments historiques tout en s&#039;amusant.\" \/>\n<meta name=\"robots\" content=\"index, follow, max-snippet:-1, max-image-preview:large, max-video-preview:-1\" \/>\n<link rel=\"canonical\" href=\"https:\/\/www.lamaisondupontcanal.com\/boutique\/produit\/puzzle-pont-canal-de-briare\/\" \/>\n<meta property=\"og:locale\" content=\"fr_FR\" \/>\n<meta property=\"og:type\" content=\"article\" \/>\n<meta property=\"og:title\" content=\"Puzzle Pont Canal de BRIARE -\" \/>\n<meta property=\"og:description\" content=\"Ce puzzle de 99 pi\u00e8ces sur le th\u00e8me du pont canal de Briare permet ainsi de capturer et de recr\u00e9er l&#039;essence de ce lieu embl\u00e9matique. C&#039;est un excellent choix pour ceux qui aiment explorer le patrimoine culturel et les monuments historiques tout en s&#039;amusant.\" \/>\n<meta property=\"og:url\" content=\"https:\/\/www.lamaisondupontcanal.com\/boutique\/produit\/puzzle-pont-canal-de-briare\/\" \/>\n<meta property=\"article:publisher\" content=\"https:\/\/m.facebook.com\/groups\/1511920672530806?group_view_referrer=search\" \/>\n<meta property=\"article:modified_time\" content=\"2024-11-21T17:07:22+00:00\" \/>\n<meta property=\"og:image\" content=\"https:\/\/www.lamaisondupontcanal.com\/boutique\/wp-content\/uploads\/2024\/11\/Puzzle-Briare.jpg\" \/>\n\t<meta property=\"og:image:width\" content=\"450\" \/>\n\t<meta property=\"og:image:height\" content=\"450\" \/>\n\t<meta property=\"og:image:type\" content=\"image\/jpeg\" \/>\n<meta name=\"twitter:card\" content=\"summary_large_image\" \/>\n<meta name=\"twitter:label1\" content=\"Dur\u00e9e de lecture estim\u00e9e\" \/>\n\t<meta name=\"twitter:data1\" content=\"1 minute\" \/>\n<script type=\"application\/ld+json\" class=\"yoast-schema-graph\">{\"@context\":\"https:\\\/\\\/schema.org\",\"@graph\":[{\"@type\":\"WebPage\",\"@id\":\"https:\\\/\\\/www.lamaisondupontcanal.com\\\/boutique\\\/produit\\\/puzzle-pont-canal-de-briare\\\/\",\"url\":\"https:\\\/\\\/www.lamaisondupontcanal.com\\\/boutique\\\/produit\\\/puzzle-pont-canal-de-briare\\\/\",\"name\":\"Puzzle Pont Canal de BRIARE -\",\"isPartOf\":{\"@id\":\"https:\\\/\\\/www.lamaisondupontcanal.com\\\/boutique\\\/#website\"},\"primaryImageOfPage\":{\"@id\":\"https:\\\/\\\/www.lamaisondupontcanal.com\\\/boutique\\\/produit\\\/puzzle-pont-canal-de-briare\\\/#primaryimage\"},\"image\":{\"@id\":\"https:\\\/\\\/www.lamaisondupontcanal.com\\\/boutique\\\/produit\\\/puzzle-pont-canal-de-briare\\\/#primaryimage\"},\"thumbnailUrl\":\"https:\\\/\\\/www.lamaisondupontcanal.com\\\/boutique\\\/wp-content\\\/uploads\\\/2024\\\/11\\\/Puzzle-Briare.jpg\",\"datePublished\":\"2024-11-15T16:43:52+00:00\",\"dateModified\":\"2024-11-21T17:07:22+00:00\",\"description\":\"Ce puzzle de 99 pi\u00e8ces sur le th\u00e8me du pont canal de Briare permet ainsi de capturer et de recr\u00e9er l'essence de ce lieu embl\u00e9matique. C'est un excellent choix pour ceux qui aiment explorer le patrimoine culturel et les monuments historiques tout en s'amusant.\",\"breadcrumb\":{\"@id\":\"https:\\\/\\\/www.lamaisondupontcanal.com\\\/boutique\\\/produit\\\/puzzle-pont-canal-de-briare\\\/#breadcrumb\"},\"inLanguage\":\"fr-FR\",\"potentialAction\":[{\"@type\":\"ReadAction\",\"target\":[\"https:\\\/\\\/www.lamaisondupontcanal.com\\\/boutique\\\/produit\\\/puzzle-pont-canal-de-briare\\\/\"]}]},{\"@type\":\"ImageObject\",\"inLanguage\":\"fr-FR\",\"@id\":\"https:\\\/\\\/www.lamaisondupontcanal.com\\\/boutique\\\/produit\\\/puzzle-pont-canal-de-briare\\\/#primaryimage\",\"url\":\"https:\\\/\\\/www.lamaisondupontcanal.com\\\/boutique\\\/wp-content\\\/uploads\\\/2024\\\/11\\\/Puzzle-Briare.jpg\",\"contentUrl\":\"https:\\\/\\\/www.lamaisondupontcanal.com\\\/boutique\\\/wp-content\\\/uploads\\\/2024\\\/11\\\/Puzzle-Briare.jpg\",\"width\":450,\"height\":450,\"caption\":\"Puzzle de 99 pi\u00e8ces sur le monument embl\u00e9matique de Briare \u00ab Le Pont Canal \u00bb\"},{\"@type\":\"BreadcrumbList\",\"@id\":\"https:\\\/\\\/www.lamaisondupontcanal.com\\\/boutique\\\/produit\\\/puzzle-pont-canal-de-briare\\\/#breadcrumb\",\"itemListElement\":[{\"@type\":\"ListItem\",\"position\":1,\"name\":\"Accueil\",\"item\":\"https:\\\/\\\/www.lamaisondupontcanal.com\\\/boutique\\\/\"},{\"@type\":\"ListItem\",\"position\":2,\"name\":\"Puzzle Pont Canal de BRIARE\"}]},{\"@type\":\"WebSite\",\"@id\":\"https:\\\/\\\/www.lamaisondupontcanal.com\\\/boutique\\\/#website\",\"url\":\"https:\\\/\\\/www.lamaisondupontcanal.com\\\/boutique\\\/\",\"name\":\"La maison du pont canal boutique en ligne\",\"description\":\"boutique en ligne d&#039;id\u00e9es cadeaux et des produits locaux\",\"publisher\":{\"@id\":\"https:\\\/\\\/www.lamaisondupontcanal.com\\\/boutique\\\/#organization\"},\"potentialAction\":[{\"@type\":\"SearchAction\",\"target\":{\"@type\":\"EntryPoint\",\"urlTemplate\":\"https:\\\/\\\/www.lamaisondupontcanal.com\\\/boutique\\\/?s={search_term_string}\"},\"query-input\":{\"@type\":\"PropertyValueSpecification\",\"valueRequired\":true,\"valueName\":\"search_term_string\"}}],\"inLanguage\":\"fr-FR\"},{\"@type\":\"Organization\",\"@id\":\"https:\\\/\\\/www.lamaisondupontcanal.com\\\/boutique\\\/#organization\",\"name\":\"La maison du pont canal\",\"url\":\"https:\\\/\\\/www.lamaisondupontcanal.com\\\/boutique\\\/\",\"logo\":{\"@type\":\"ImageObject\",\"inLanguage\":\"fr-FR\",\"@id\":\"https:\\\/\\\/www.lamaisondupontcanal.com\\\/boutique\\\/#\\\/schema\\\/logo\\\/image\\\/\",\"url\":\"https:\\\/\\\/www.lamaisondupontcanal.com\\\/boutique\\\/wp-content\\\/uploads\\\/2020\\\/10\\\/logo.png\",\"contentUrl\":\"https:\\\/\\\/www.lamaisondupontcanal.com\\\/boutique\\\/wp-content\\\/uploads\\\/2020\\\/10\\\/logo.png\",\"width\":431,\"height\":151,\"caption\":\"La maison du pont canal\"},\"image\":{\"@id\":\"https:\\\/\\\/www.lamaisondupontcanal.com\\\/boutique\\\/#\\\/schema\\\/logo\\\/image\\\/\"},\"sameAs\":[\"https:\\\/\\\/m.facebook.com\\\/groups\\\/1511920672530806?group_view_referrer=search\"]}]}<\/script>\n<!-- \/ Yoast SEO plugin. -->","yoast_head_json":{"title":"Puzzle Pont Canal de BRIARE -","description":"Ce puzzle de 99 pi\u00e8ces sur le th\u00e8me du pont canal de Briare permet ainsi de capturer et de recr\u00e9er l'essence de ce lieu embl\u00e9matique. C'est un excellent choix pour ceux qui aiment explorer le patrimoine culturel et les monuments historiques tout en s'amusant.","robots":{"index":"index","follow":"follow","max-snippet":"max-snippet:-1","max-image-preview":"max-image-preview:large","max-video-preview":"max-video-preview:-1"},"canonical":"https:\/\/www.lamaisondupontcanal.com\/boutique\/produit\/puzzle-pont-canal-de-briare\/","og_locale":"fr_FR","og_type":"article","og_title":"Puzzle Pont Canal de BRIARE -","og_description":"Ce puzzle de 99 pi\u00e8ces sur le th\u00e8me du pont canal de Briare permet ainsi de capturer et de recr\u00e9er l'essence de ce lieu embl\u00e9matique. C'est un excellent choix pour ceux qui aiment explorer le patrimoine culturel et les monuments historiques tout en s'amusant.","og_url":"https:\/\/www.lamaisondupontcanal.com\/boutique\/produit\/puzzle-pont-canal-de-briare\/","article_publisher":"https:\/\/m.facebook.com\/groups\/1511920672530806?group_view_referrer=search","article_modified_time":"2024-11-21T17:07:22+00:00","og_image":[{"width":450,"height":450,"url":"https:\/\/www.lamaisondupontcanal.com\/boutique\/wp-content\/uploads\/2024\/11\/Puzzle-Briare.jpg","type":"image\/jpeg"}],"twitter_card":"summary_large_image","twitter_misc":{"Dur\u00e9e de lecture estim\u00e9e":"1 minute"},"schema":{"@context":"https:\/\/schema.org","@graph":[{"@type":"WebPage","@id":"https:\/\/www.lamaisondupontcanal.com\/boutique\/produit\/puzzle-pont-canal-de-briare\/","url":"https:\/\/www.lamaisondupontcanal.com\/boutique\/produit\/puzzle-pont-canal-de-briare\/","name":"Puzzle Pont Canal de BRIARE -","isPartOf":{"@id":"https:\/\/www.lamaisondupontcanal.com\/boutique\/#website"},"primaryImageOfPage":{"@id":"https:\/\/www.lamaisondupontcanal.com\/boutique\/produit\/puzzle-pont-canal-de-briare\/#primaryimage"},"image":{"@id":"https:\/\/www.lamaisondupontcanal.com\/boutique\/produit\/puzzle-pont-canal-de-briare\/#primaryimage"},"thumbnailUrl":"https:\/\/www.lamaisondupontcanal.com\/boutique\/wp-content\/uploads\/2024\/11\/Puzzle-Briare.jpg","datePublished":"2024-11-15T16:43:52+00:00","dateModified":"2024-11-21T17:07:22+00:00","description":"Ce puzzle de 99 pi\u00e8ces sur le th\u00e8me du pont canal de Briare permet ainsi de capturer et de recr\u00e9er l'essence de ce lieu embl\u00e9matique. C'est un excellent choix pour ceux qui aiment explorer le patrimoine culturel et les monuments historiques tout en s'amusant.","breadcrumb":{"@id":"https:\/\/www.lamaisondupontcanal.com\/boutique\/produit\/puzzle-pont-canal-de-briare\/#breadcrumb"},"inLanguage":"fr-FR","potentialAction":[{"@type":"ReadAction","target":["https:\/\/www.lamaisondupontcanal.com\/boutique\/produit\/puzzle-pont-canal-de-briare\/"]}]},{"@type":"ImageObject","inLanguage":"fr-FR","@id":"https:\/\/www.lamaisondupontcanal.com\/boutique\/produit\/puzzle-pont-canal-de-briare\/#primaryimage","url":"https:\/\/www.lamaisondupontcanal.com\/boutique\/wp-content\/uploads\/2024\/11\/Puzzle-Briare.jpg","contentUrl":"https:\/\/www.lamaisondupontcanal.com\/boutique\/wp-content\/uploads\/2024\/11\/Puzzle-Briare.jpg","width":450,"height":450,"caption":"Puzzle de 99 pi\u00e8ces sur le monument embl\u00e9matique de Briare \u00ab Le Pont Canal \u00bb"},{"@type":"BreadcrumbList","@id":"https:\/\/www.lamaisondupontcanal.com\/boutique\/produit\/puzzle-pont-canal-de-briare\/#breadcrumb","itemListElement":[{"@type":"ListItem","position":1,"name":"Accueil","item":"https:\/\/www.lamaisondupontcanal.com\/boutique\/"},{"@type":"ListItem","position":2,"name":"Puzzle Pont Canal de BRIARE"}]},{"@type":"WebSite","@id":"https:\/\/www.lamaisondupontcanal.com\/boutique\/#website","url":"https:\/\/www.lamaisondupontcanal.com\/boutique\/","name":"La maison du pont canal boutique en ligne","description":"boutique en ligne d&#039;id\u00e9es cadeaux et des produits locaux","publisher":{"@id":"https:\/\/www.lamaisondupontcanal.com\/boutique\/#organization"},"potentialAction":[{"@type":"SearchAction","target":{"@type":"EntryPoint","urlTemplate":"https:\/\/www.lamaisondupontcanal.com\/boutique\/?s={search_term_string}"},"query-input":{"@type":"PropertyValueSpecification","valueRequired":true,"valueName":"search_term_string"}}],"inLanguage":"fr-FR"},{"@type":"Organization","@id":"https:\/\/www.lamaisondupontcanal.com\/boutique\/#organization","name":"La maison du pont canal","url":"https:\/\/www.lamaisondupontcanal.com\/boutique\/","logo":{"@type":"ImageObject","inLanguage":"fr-FR","@id":"https:\/\/www.lamaisondupontcanal.com\/boutique\/#\/schema\/logo\/image\/","url":"https:\/\/www.lamaisondupontcanal.com\/boutique\/wp-content\/uploads\/2020\/10\/logo.png","contentUrl":"https:\/\/www.lamaisondupontcanal.com\/boutique\/wp-content\/uploads\/2020\/10\/logo.png","width":431,"height":151,"caption":"La maison du pont canal"},"image":{"@id":"https:\/\/www.lamaisondupontcanal.com\/boutique\/#\/schema\/logo\/image\/"},"sameAs":["https:\/\/m.facebook.com\/groups\/1511920672530806?group_view_referrer=search"]}]}},"_links":{"self":[{"href":"https:\/\/www.lamaisondupontcanal.com\/boutique\/wp-json\/wp\/v2\/product\/1592","targetHints":{"allow":["GET"]}}],"collection":[{"href":"https:\/\/www.lamaisondupontcanal.com\/boutique\/wp-json\/wp\/v2\/product"}],"about":[{"href":"https:\/\/www.lamaisondupontcanal.com\/boutique\/wp-json\/wp\/v2\/types\/product"}],"wp:featuredmedia":[{"embeddable":true,"href":"https:\/\/www.lamaisondupontcanal.com\/boutique\/wp-json\/wp\/v2\/media\/1598"}],"wp:attachment":[{"href":"https:\/\/www.lamaisondupontcanal.com\/boutique\/wp-json\/wp\/v2\/media?parent=1592"}],"wp:term":[{"taxonomy":"product_brand","embeddable":true,"href":"https:\/\/www.lamaisondupontcanal.com\/boutique\/wp-json\/wp\/v2\/product_brand?post=1592"},{"taxonomy":"product_cat","embeddable":true,"href":"https:\/\/www.lamaisondupontcanal.com\/boutique\/wp-json\/wp\/v2\/product_cat?post=1592"},{"taxonomy":"product_tag","embeddable":true,"href":"https:\/\/www.lamaisondupontcanal.com\/boutique\/wp-json\/wp\/v2\/product_tag?post=1592"}],"curies":[{"name":"wp","href":"https:\/\/api.w.org\/{rel}","templated":true}]}}