{"id":1622,"date":"2024-12-12T17:28:02","date_gmt":"2024-12-12T16:28:02","guid":{"rendered":"https:\/\/www.lamaisondupontcanal.com\/boutique\/?post_type=product&#038;p=1622"},"modified":"2025-11-07T10:46:12","modified_gmt":"2025-11-07T09:46:12","slug":"poster-theme-briare","status":"publish","type":"product","link":"https:\/\/www.lamaisondupontcanal.com\/boutique\/produit\/poster-theme-briare\/","title":{"rendered":"Poster Th\u00e8me Briare"},"content":{"rendered":"<p>Cr\u00e9ation d&rsquo;image sur le th\u00e8me de Briare<\/p>\n<p>Dimension : 40 x 29.5 cm<\/p>\n","protected":false},"excerpt":{"rendered":"<p>Cr\u00e9ation d&rsquo;image sur le th\u00e8me de Briare Dimension : 40 x 29.5 cm<\/p>\n","protected":false},"featured_media":1610,"template":"","meta":[],"product_brand":[],"product_cat":[39,68],"product_tag":[],"class_list":{"0":"post-1622","1":"product","2":"type-product","3":"status-publish","4":"has-post-thumbnail","6":"product_cat-cadeau","7":"product_cat-decoration","9":"first","10":"instock","11":"taxable","12":"shipping-taxable","13":"purchasable","14":"product-type-variable"},"yoast_head":"<!-- This site is optimized with the Yoast SEO plugin v27.5 - https:\/\/yoast.com\/product\/yoast-seo-wordpress\/ -->\n<title>Poster Th\u00e8me Briare - La maison du pont canal<\/title>\n<meta name=\"description\" content=\"Cr\u00e9ation d&#039;image sur le th\u00e8me de Briare - Dimension : 40 x 29.5 cm\" \/>\n<meta name=\"robots\" content=\"index, follow, max-snippet:-1, max-image-preview:large, max-video-preview:-1\" \/>\n<link rel=\"canonical\" href=\"https:\/\/www.lamaisondupontcanal.com\/boutique\/produit\/poster-theme-briare\/\" \/>\n<meta property=\"og:locale\" content=\"fr_FR\" \/>\n<meta property=\"og:type\" content=\"article\" \/>\n<meta property=\"og:title\" content=\"Poster Th\u00e8me Briare - La maison du pont canal\" \/>\n<meta property=\"og:description\" content=\"Cr\u00e9ation d&#039;image sur le th\u00e8me de Briare - Dimension : 40 x 29.5 cm\" \/>\n<meta property=\"og:url\" content=\"https:\/\/www.lamaisondupontcanal.com\/boutique\/produit\/poster-theme-briare\/\" \/>\n<meta property=\"article:publisher\" content=\"https:\/\/m.facebook.com\/groups\/1511920672530806?group_view_referrer=search\" \/>\n<meta property=\"article:modified_time\" content=\"2025-11-07T09:46:12+00:00\" \/>\n<meta property=\"og:image\" content=\"https:\/\/www.lamaisondupontcanal.com\/boutique\/wp-content\/uploads\/2024\/12\/eglise-briare.png\" \/>\n\t<meta property=\"og:image:width\" content=\"450\" \/>\n\t<meta property=\"og:image:height\" content=\"450\" \/>\n\t<meta property=\"og:image:type\" content=\"image\/png\" \/>\n<meta name=\"twitter:card\" content=\"summary_large_image\" \/>\n<meta name=\"twitter:label1\" content=\"Dur\u00e9e de lecture estim\u00e9e\" \/>\n\t<meta name=\"twitter:data1\" content=\"1 minute\" \/>\n<script type=\"application\/ld+json\" class=\"yoast-schema-graph\">{\"@context\":\"https:\\\/\\\/schema.org\",\"@graph\":[{\"@type\":\"WebPage\",\"@id\":\"https:\\\/\\\/www.lamaisondupontcanal.com\\\/boutique\\\/produit\\\/poster-theme-briare\\\/\",\"url\":\"https:\\\/\\\/www.lamaisondupontcanal.com\\\/boutique\\\/produit\\\/poster-theme-briare\\\/\",\"name\":\"Poster Th\u00e8me Briare - La maison du pont canal\",\"isPartOf\":{\"@id\":\"https:\\\/\\\/www.lamaisondupontcanal.com\\\/boutique\\\/#website\"},\"primaryImageOfPage\":{\"@id\":\"https:\\\/\\\/www.lamaisondupontcanal.com\\\/boutique\\\/produit\\\/poster-theme-briare\\\/#primaryimage\"},\"image\":{\"@id\":\"https:\\\/\\\/www.lamaisondupontcanal.com\\\/boutique\\\/produit\\\/poster-theme-briare\\\/#primaryimage\"},\"thumbnailUrl\":\"https:\\\/\\\/www.lamaisondupontcanal.com\\\/boutique\\\/wp-content\\\/uploads\\\/2024\\\/12\\\/eglise-briare.png\",\"datePublished\":\"2024-12-12T16:28:02+00:00\",\"dateModified\":\"2025-11-07T09:46:12+00:00\",\"description\":\"Cr\u00e9ation d'image sur le th\u00e8me de Briare - Dimension : 40 x 29.5 cm\",\"breadcrumb\":{\"@id\":\"https:\\\/\\\/www.lamaisondupontcanal.com\\\/boutique\\\/produit\\\/poster-theme-briare\\\/#breadcrumb\"},\"inLanguage\":\"fr-FR\",\"potentialAction\":[{\"@type\":\"ReadAction\",\"target\":[\"https:\\\/\\\/www.lamaisondupontcanal.com\\\/boutique\\\/produit\\\/poster-theme-briare\\\/\"]}]},{\"@type\":\"ImageObject\",\"inLanguage\":\"fr-FR\",\"@id\":\"https:\\\/\\\/www.lamaisondupontcanal.com\\\/boutique\\\/produit\\\/poster-theme-briare\\\/#primaryimage\",\"url\":\"https:\\\/\\\/www.lamaisondupontcanal.com\\\/boutique\\\/wp-content\\\/uploads\\\/2024\\\/12\\\/eglise-briare.png\",\"contentUrl\":\"https:\\\/\\\/www.lamaisondupontcanal.com\\\/boutique\\\/wp-content\\\/uploads\\\/2024\\\/12\\\/eglise-briare.png\",\"width\":450,\"height\":450,\"caption\":\"Cr\u00e9ation d'image sur le th\u00e8me de Briare - Dimension : 40 x 29.5 cm\"},{\"@type\":\"BreadcrumbList\",\"@id\":\"https:\\\/\\\/www.lamaisondupontcanal.com\\\/boutique\\\/produit\\\/poster-theme-briare\\\/#breadcrumb\",\"itemListElement\":[{\"@type\":\"ListItem\",\"position\":1,\"name\":\"Accueil\",\"item\":\"https:\\\/\\\/www.lamaisondupontcanal.com\\\/boutique\\\/\"},{\"@type\":\"ListItem\",\"position\":2,\"name\":\"Poster Th\u00e8me Briare\"}]},{\"@type\":\"WebSite\",\"@id\":\"https:\\\/\\\/www.lamaisondupontcanal.com\\\/boutique\\\/#website\",\"url\":\"https:\\\/\\\/www.lamaisondupontcanal.com\\\/boutique\\\/\",\"name\":\"La maison du pont canal boutique en ligne\",\"description\":\"boutique en ligne d&#039;id\u00e9es cadeaux et des produits locaux\",\"publisher\":{\"@id\":\"https:\\\/\\\/www.lamaisondupontcanal.com\\\/boutique\\\/#organization\"},\"potentialAction\":[{\"@type\":\"SearchAction\",\"target\":{\"@type\":\"EntryPoint\",\"urlTemplate\":\"https:\\\/\\\/www.lamaisondupontcanal.com\\\/boutique\\\/?s={search_term_string}\"},\"query-input\":{\"@type\":\"PropertyValueSpecification\",\"valueRequired\":true,\"valueName\":\"search_term_string\"}}],\"inLanguage\":\"fr-FR\"},{\"@type\":\"Organization\",\"@id\":\"https:\\\/\\\/www.lamaisondupontcanal.com\\\/boutique\\\/#organization\",\"name\":\"La maison du pont canal\",\"url\":\"https:\\\/\\\/www.lamaisondupontcanal.com\\\/boutique\\\/\",\"logo\":{\"@type\":\"ImageObject\",\"inLanguage\":\"fr-FR\",\"@id\":\"https:\\\/\\\/www.lamaisondupontcanal.com\\\/boutique\\\/#\\\/schema\\\/logo\\\/image\\\/\",\"url\":\"https:\\\/\\\/www.lamaisondupontcanal.com\\\/boutique\\\/wp-content\\\/uploads\\\/2020\\\/10\\\/logo.png\",\"contentUrl\":\"https:\\\/\\\/www.lamaisondupontcanal.com\\\/boutique\\\/wp-content\\\/uploads\\\/2020\\\/10\\\/logo.png\",\"width\":431,\"height\":151,\"caption\":\"La maison du pont canal\"},\"image\":{\"@id\":\"https:\\\/\\\/www.lamaisondupontcanal.com\\\/boutique\\\/#\\\/schema\\\/logo\\\/image\\\/\"},\"sameAs\":[\"https:\\\/\\\/m.facebook.com\\\/groups\\\/1511920672530806?group_view_referrer=search\"]}]}<\/script>\n<!-- \/ Yoast SEO plugin. -->","yoast_head_json":{"title":"Poster Th\u00e8me Briare - La maison du pont canal","description":"Cr\u00e9ation d'image sur le th\u00e8me de Briare - Dimension : 40 x 29.5 cm","robots":{"index":"index","follow":"follow","max-snippet":"max-snippet:-1","max-image-preview":"max-image-preview:large","max-video-preview":"max-video-preview:-1"},"canonical":"https:\/\/www.lamaisondupontcanal.com\/boutique\/produit\/poster-theme-briare\/","og_locale":"fr_FR","og_type":"article","og_title":"Poster Th\u00e8me Briare - La maison du pont canal","og_description":"Cr\u00e9ation d'image sur le th\u00e8me de Briare - Dimension : 40 x 29.5 cm","og_url":"https:\/\/www.lamaisondupontcanal.com\/boutique\/produit\/poster-theme-briare\/","article_publisher":"https:\/\/m.facebook.com\/groups\/1511920672530806?group_view_referrer=search","article_modified_time":"2025-11-07T09:46:12+00:00","og_image":[{"width":450,"height":450,"url":"https:\/\/www.lamaisondupontcanal.com\/boutique\/wp-content\/uploads\/2024\/12\/eglise-briare.png","type":"image\/png"}],"twitter_card":"summary_large_image","twitter_misc":{"Dur\u00e9e de lecture estim\u00e9e":"1 minute"},"schema":{"@context":"https:\/\/schema.org","@graph":[{"@type":"WebPage","@id":"https:\/\/www.lamaisondupontcanal.com\/boutique\/produit\/poster-theme-briare\/","url":"https:\/\/www.lamaisondupontcanal.com\/boutique\/produit\/poster-theme-briare\/","name":"Poster Th\u00e8me Briare - La maison du pont canal","isPartOf":{"@id":"https:\/\/www.lamaisondupontcanal.com\/boutique\/#website"},"primaryImageOfPage":{"@id":"https:\/\/www.lamaisondupontcanal.com\/boutique\/produit\/poster-theme-briare\/#primaryimage"},"image":{"@id":"https:\/\/www.lamaisondupontcanal.com\/boutique\/produit\/poster-theme-briare\/#primaryimage"},"thumbnailUrl":"https:\/\/www.lamaisondupontcanal.com\/boutique\/wp-content\/uploads\/2024\/12\/eglise-briare.png","datePublished":"2024-12-12T16:28:02+00:00","dateModified":"2025-11-07T09:46:12+00:00","description":"Cr\u00e9ation d'image sur le th\u00e8me de Briare - Dimension : 40 x 29.5 cm","breadcrumb":{"@id":"https:\/\/www.lamaisondupontcanal.com\/boutique\/produit\/poster-theme-briare\/#breadcrumb"},"inLanguage":"fr-FR","potentialAction":[{"@type":"ReadAction","target":["https:\/\/www.lamaisondupontcanal.com\/boutique\/produit\/poster-theme-briare\/"]}]},{"@type":"ImageObject","inLanguage":"fr-FR","@id":"https:\/\/www.lamaisondupontcanal.com\/boutique\/produit\/poster-theme-briare\/#primaryimage","url":"https:\/\/www.lamaisondupontcanal.com\/boutique\/wp-content\/uploads\/2024\/12\/eglise-briare.png","contentUrl":"https:\/\/www.lamaisondupontcanal.com\/boutique\/wp-content\/uploads\/2024\/12\/eglise-briare.png","width":450,"height":450,"caption":"Cr\u00e9ation d'image sur le th\u00e8me de Briare - Dimension : 40 x 29.5 cm"},{"@type":"BreadcrumbList","@id":"https:\/\/www.lamaisondupontcanal.com\/boutique\/produit\/poster-theme-briare\/#breadcrumb","itemListElement":[{"@type":"ListItem","position":1,"name":"Accueil","item":"https:\/\/www.lamaisondupontcanal.com\/boutique\/"},{"@type":"ListItem","position":2,"name":"Poster Th\u00e8me Briare"}]},{"@type":"WebSite","@id":"https:\/\/www.lamaisondupontcanal.com\/boutique\/#website","url":"https:\/\/www.lamaisondupontcanal.com\/boutique\/","name":"La maison du pont canal boutique en ligne","description":"boutique en ligne d&#039;id\u00e9es cadeaux et des produits locaux","publisher":{"@id":"https:\/\/www.lamaisondupontcanal.com\/boutique\/#organization"},"potentialAction":[{"@type":"SearchAction","target":{"@type":"EntryPoint","urlTemplate":"https:\/\/www.lamaisondupontcanal.com\/boutique\/?s={search_term_string}"},"query-input":{"@type":"PropertyValueSpecification","valueRequired":true,"valueName":"search_term_string"}}],"inLanguage":"fr-FR"},{"@type":"Organization","@id":"https:\/\/www.lamaisondupontcanal.com\/boutique\/#organization","name":"La maison du pont canal","url":"https:\/\/www.lamaisondupontcanal.com\/boutique\/","logo":{"@type":"ImageObject","inLanguage":"fr-FR","@id":"https:\/\/www.lamaisondupontcanal.com\/boutique\/#\/schema\/logo\/image\/","url":"https:\/\/www.lamaisondupontcanal.com\/boutique\/wp-content\/uploads\/2020\/10\/logo.png","contentUrl":"https:\/\/www.lamaisondupontcanal.com\/boutique\/wp-content\/uploads\/2020\/10\/logo.png","width":431,"height":151,"caption":"La maison du pont canal"},"image":{"@id":"https:\/\/www.lamaisondupontcanal.com\/boutique\/#\/schema\/logo\/image\/"},"sameAs":["https:\/\/m.facebook.com\/groups\/1511920672530806?group_view_referrer=search"]}]}},"_links":{"self":[{"href":"https:\/\/www.lamaisondupontcanal.com\/boutique\/wp-json\/wp\/v2\/product\/1622","targetHints":{"allow":["GET"]}}],"collection":[{"href":"https:\/\/www.lamaisondupontcanal.com\/boutique\/wp-json\/wp\/v2\/product"}],"about":[{"href":"https:\/\/www.lamaisondupontcanal.com\/boutique\/wp-json\/wp\/v2\/types\/product"}],"wp:featuredmedia":[{"embeddable":true,"href":"https:\/\/www.lamaisondupontcanal.com\/boutique\/wp-json\/wp\/v2\/media\/1610"}],"wp:attachment":[{"href":"https:\/\/www.lamaisondupontcanal.com\/boutique\/wp-json\/wp\/v2\/media?parent=1622"}],"wp:term":[{"taxonomy":"product_brand","embeddable":true,"href":"https:\/\/www.lamaisondupontcanal.com\/boutique\/wp-json\/wp\/v2\/product_brand?post=1622"},{"taxonomy":"product_cat","embeddable":true,"href":"https:\/\/www.lamaisondupontcanal.com\/boutique\/wp-json\/wp\/v2\/product_cat?post=1622"},{"taxonomy":"product_tag","embeddable":true,"href":"https:\/\/www.lamaisondupontcanal.com\/boutique\/wp-json\/wp\/v2\/product_tag?post=1622"}],"curies":[{"name":"wp","href":"https:\/\/api.w.org\/{rel}","templated":true}]}}